{"id":2093,"date":"2023-04-11T02:59:16","date_gmt":"2023-04-11T02:59:16","guid":{"rendered":"https:\/\/themeholy.com\/wordpress\/logistik\/?page_id=16"},"modified":"2023-11-02T14:06:27","modified_gmt":"2023-11-02T14:06:27","slug":"about","status":"publish","type":"page","link":"https:\/\/transitcargopty.com\/index.php\/about\/","title":{"rendered":"Sobre Nosotros"},"content":{"rendered":"\t\t<div data-elementor-type=\"wp-page\" data-elementor-id=\"2093\" class=\"elementor elementor-2093\">\n\t\t\t\t\t\t<section class=\"elementor-section elementor-top-section elementor-element elementor-element-7162b08 elementor-section-boxed elementor-section-height-default elementor-section-height-default\" data-id=\"7162b08\" data-element_type=\"section\" data-e-type=\"section\">\n\t\t\t\t\t\t<div class=\"elementor-container elementor-column-gap-no\">\n\t\t\t\t\t<div class=\"elementor-column elementor-col-50 elementor-top-column elementor-element elementor-element-b052925\" data-id=\"b052925\" data-element_type=\"column\" data-e-type=\"column\">\n\t\t\t<div class=\"elementor-widget-wrap elementor-element-populated\">\n\t\t\t\t\r\n\t\t<div class=\"elementor-element elementor-element-ea63b79 elementor-widget elementor-widget-logistiksectiontitle\" data-id=\"ea63b79\" data-element_type=\"widget\" data-e-type=\"widget\" data-widget_type=\"logistiksectiontitle.default\">\n\t\t\t\t<div class=\"elementor-widget-container\">\n\t\t\t\t\t\t\t<div class=\"title-area\">\r\n\t\t\t\t \t\t\t<span class=\"sub-title th-sub\">\r\n\t\t\t\t\tQuienes Somos\r\n\t \t\t\t<\/span>\r\n \t\t\t\t\t\t\r\n\t\t\t<h6 class=\"sec-title th-title\">TRANSIT CARGO PTY<\/h6>\t\t<\/div>\r\n\r\n\t\t\t\t\t<\/div>\n\t\t\t\t<\/div>\n\t\t\t\t<div class=\"elementor-element elementor-element-35aec3a elementor-widget elementor-widget-image\" data-id=\"35aec3a\" data-element_type=\"widget\" data-e-type=\"widget\" data-widget_type=\"image.default\">\n\t\t\t\t<div class=\"elementor-widget-container\">\n\t\t\t\t\t\t\t\t\t\t\t\t\t\t\t<img fetchpriority=\"high\" decoding=\"async\" width=\"580\" height=\"370\" src=\"https:\/\/transitcargopty.com\/wp-content\/uploads\/2023\/04\/about_3.jpg\" class=\"attachment-full size-full wp-image-295\" alt=\"\" srcset=\"https:\/\/transitcargopty.com\/wp-content\/uploads\/2023\/04\/about_3.jpg 580w, https:\/\/transitcargopty.com\/wp-content\/uploads\/2023\/04\/about_3-300x191.jpg 300w\" sizes=\"(max-width: 580px) 100vw, 580px\" \/>\t\t\t\t\t\t\t\t\t\t\t\t\t\t\t<\/div>\n\t\t\t\t<\/div>\n\t\t\t\t\t<\/div>\n\t\t<\/div>\n\t\t\t\t<div class=\"elementor-column elementor-col-50 elementor-top-column elementor-element elementor-element-cafe5cf\" data-id=\"cafe5cf\" data-element_type=\"column\" data-e-type=\"column\">\n\t\t\t<div class=\"elementor-widget-wrap elementor-element-populated\">\n\t\t\t\t\t\t<div class=\"elementor-element elementor-element-787ba2c elementor-widget elementor-widget-text-editor\" data-id=\"787ba2c\" data-element_type=\"widget\" data-e-type=\"widget\" data-widget_type=\"text-editor.default\">\n\t\t\t\t<div class=\"elementor-widget-container\">\n\t\t\t\t\t\t\t\t\t<p>Somos\u00a0<strong>TRANSIT CARGO PTY<\/strong>, un PO BOX y Freight Forwarder con mucha experiencia y conocimiento del negocio log\u00edstico.<\/p><p>Estamos a su disposici\u00f3n para brindarles nuestros servicios de importaci\u00f3n y exportaci\u00f3n por los diferentes medios de transporte que requieran.\u00a0<\/p><p><b><i>Somos tu Asesor Log\u00edstico de Confianza.<\/i><\/b><\/p>\t\t\t\t\t\t\t\t<\/div>\n\t\t\t\t<\/div>\n\t\t\t\t<div class=\"elementor-element elementor-element-8372b66 elementor-widget elementor-widget-text-editor\" data-id=\"8372b66\" data-element_type=\"widget\" data-e-type=\"widget\" data-widget_type=\"text-editor.default\">\n\t\t\t\t<div class=\"elementor-widget-container\">\n\t\t\t\t\t\t\t\t\t<p>MISION:<br \/>Proveer soluciones y asesor\u00edas log\u00edsticas de manera eficiente a todos nuestros clientes en sus importaciones, exportaciones y paqueter\u00edas.<\/p><p>VISION:<br \/>Optimizar los procesos, costos y rentabilidad de nuestros clientes por medio de nuestras soluciones log\u00edsticas integrales y personalizadas para cada uno de sus negocios.<\/p>\t\t\t\t\t\t\t\t<\/div>\n\t\t\t\t<\/div>\n\t\t\t\t<div class=\"elementor-element elementor-element-061cca6 elementor-widget elementor-widget-text-editor\" data-id=\"061cca6\" data-element_type=\"widget\" data-e-type=\"widget\" data-widget_type=\"text-editor.default\">\n\t\t\t\t<div class=\"elementor-widget-container\">\n\t\t\t\t\t\t\t\t\t<h6>VALORES:<\/h6><div class=\"checklist\"><ul><li>Trabajo en equipo<\/li><li>Responsabilidad<\/li><li>Compromiso con la excelencia<\/li><li>Puntualidad<\/li><li>Eficacia<\/li><\/ul><\/div>\t\t\t\t\t\t\t\t<\/div>\n\t\t\t\t<\/div>\n\t\t\t\t\t<\/div>\n\t\t<\/div>\n\t\t\t\t\t<\/div>\n\t\t<\/section>\n\t\t\t\t<section class=\"elementor-section elementor-top-section elementor-element elementor-element-1d9485d elementor-hidden-desktop elementor-hidden-tablet elementor-hidden-mobile elementor-section-boxed elementor-section-height-default elementor-section-height-default\" data-id=\"1d9485d\" data-element_type=\"section\" data-e-type=\"section\" data-settings=\"{&quot;background_background&quot;:&quot;classic&quot;}\">\n\t\t\t\t\t\t<div class=\"elementor-container elementor-column-gap-no\">\n\t\t\t\t\t<div class=\"elementor-column elementor-col-100 elementor-top-column elementor-element elementor-element-dd32aa6\" data-id=\"dd32aa6\" data-element_type=\"column\" data-e-type=\"column\">\n\t\t\t<div class=\"elementor-widget-wrap elementor-element-populated\">\n\t\t\t\t\t\t<div class=\"elementor-element elementor-element-0334138 elementor-widget elementor-widget-logistiksectiontitle\" data-id=\"0334138\" data-element_type=\"widget\" data-e-type=\"widget\" data-widget_type=\"logistiksectiontitle.default\">\n\t\t\t\t<div class=\"elementor-widget-container\">\n\t\t\t\t\t\t\t<div class=\"title-area\">\r\n\t\t\t\t \t\t\t<span class=\"sub-title th-sub\">\r\n\t\t\t\t\tADVANCE FEATURES\r\n\t \t\t\t<\/span>\r\n \t\t\t\t\t\t\r\n\t\t\t<h2 class=\"sec-title th-title\">Benefits of Logistics services<\/h2>\t\t<\/div>\r\n\r\n\t\t\t\t\t<\/div>\n\t\t\t\t<\/div>\n\t\t\t\t<div class=\"elementor-element elementor-element-c40baa3 elementor-widget elementor-widget-logistikservice\" data-id=\"c40baa3\" data-element_type=\"widget\" data-e-type=\"widget\" data-widget_type=\"logistikservice.default\">\n\t\t\t\t<div class=\"elementor-widget-container\">\n\t\t\t\t\t\r\n        \t\t\t<div class=\"feature-grid-wrap\">\r\n\t\t\t\t                <div class=\"feature-grid th-wrap\">\r\n                    <div class=\"feature-grid_icon\">\r\n\t\t\t\t\t\t<img decoding=\"async\" src=\"https:\/\/themeholy.com\/wordpress\/logistik\/wp-content\/uploads\/2023\/04\/feature_2_1.svg\" alt=\"feature_2_1\"  \/>                    <\/div>\r\n                    <div>\r\n                        <h3 class=\"feature-grid_title th-title\">Affordable Cost<\/h3>\r\n                        <p class=\"feature-grid_text th-desc\">Proin eget tortor risus. Donec rutrum congue leo eget malesuada. Curabitur<\/p>\r\n                    <\/div>\r\n                <\/div>\r\n\t\t\t\t                <div class=\"feature-grid th-wrap\">\r\n                    <div class=\"feature-grid_icon\">\r\n\t\t\t\t\t\t<img decoding=\"async\" src=\"https:\/\/themeholy.com\/wordpress\/logistik\/wp-content\/uploads\/2023\/04\/feature_2_2.svg\" alt=\"feature_2_2\"  \/>                    <\/div>\r\n                    <div>\r\n                        <h3 class=\"feature-grid_title th-title\">Shot Time Delivery<\/h3>\r\n                        <p class=\"feature-grid_text th-desc\">Proactively administrate low-risk high yield total linkage manufactured.<\/p>\r\n                    <\/div>\r\n                <\/div>\r\n\t\t\t\t                <div class=\"feature-grid th-wrap\">\r\n                    <div class=\"feature-grid_icon\">\r\n\t\t\t\t\t\t<img decoding=\"async\" src=\"https:\/\/themeholy.com\/wordpress\/logistik\/wp-content\/uploads\/2023\/04\/feature_2_3.svg\" alt=\"feature_2_3\"  \/>                    <\/div>\r\n                    <div>\r\n                        <h3 class=\"feature-grid_title th-title\">Tracking Moving<\/h3>\r\n                        <p class=\"feature-grid_text th-desc\">Get Started administrate low-risk high yield empowered ran to there.<\/p>\r\n                    <\/div>\r\n                <\/div>\r\n\t\t\t\t                <div class=\"feature-grid th-wrap\">\r\n                    <div class=\"feature-grid_icon\">\r\n\t\t\t\t\t\t<img decoding=\"async\" src=\"https:\/\/themeholy.com\/wordpress\/logistik\/wp-content\/uploads\/2023\/04\/feature_2_4.svg\" alt=\"feature_2_4\"  \/>                    <\/div>\r\n                    <div>\r\n                        <h3 class=\"feature-grid_title th-title\">Customer Support<\/h3>\r\n                        <p class=\"feature-grid_text th-desc\">Taking of a administrate low-risk high yield products Wen for some.<\/p>\r\n                    <\/div>\r\n                <\/div>\r\n\t\t\t\t            <\/div>\r\n\r\n\t\t\t\t\t\t<\/div>\n\t\t\t\t<\/div>\n\t\t\t\t\t<\/div>\n\t\t<\/div>\n\t\t\t\t\t<\/div>\n\t\t<\/section>\n\t\t\t\t<section class=\"elementor-section elementor-top-section elementor-element elementor-element-dcda46b elementor-section-full_width elementor-section-height-default elementor-section-height-default\" data-id=\"dcda46b\" data-element_type=\"section\" data-e-type=\"section\">\n\t\t\t\t\t\t<div class=\"elementor-container elementor-column-gap-no\">\n\t\t\t\t\t<div class=\"elementor-column elementor-col-100 elementor-top-column elementor-element elementor-element-f70d883\" data-id=\"f70d883\" data-element_type=\"column\" data-e-type=\"column\">\n\t\t\t<div class=\"elementor-widget-wrap\">\n\t\t\t\t\t\t\t<\/div>\n\t\t<\/div>\n\t\t\t\t\t<\/div>\n\t\t<\/section>\n\t\t\t\t<section class=\"elementor-section elementor-top-section elementor-element elementor-element-f538e68 elementor-hidden-desktop elementor-hidden-tablet elementor-hidden-mobile elementor-section-boxed elementor-section-height-default elementor-section-height-default\" data-id=\"f538e68\" data-element_type=\"section\" data-e-type=\"section\">\n\t\t\t\t\t\t<div class=\"elementor-container elementor-column-gap-no\">\n\t\t\t\t\t<div class=\"elementor-column elementor-col-100 elementor-top-column elementor-element elementor-element-b6fb2d4\" data-id=\"b6fb2d4\" data-element_type=\"column\" data-e-type=\"column\">\n\t\t\t<div class=\"elementor-widget-wrap elementor-element-populated\">\n\t\t\t\t\t\t<div class=\"elementor-element elementor-element-d505f92 elementor-widget elementor-widget-logistiksectiontitle\" data-id=\"d505f92\" data-element_type=\"widget\" data-e-type=\"widget\" data-widget_type=\"logistiksectiontitle.default\">\n\t\t\t\t<div class=\"elementor-widget-container\">\n\t\t\t\t\t\t\t<div class=\"title-area\">\r\n\t\t\t\t \t\t\t<span class=\"sub-title th-sub\">\r\n\t\t\t\t\tEXPERIENCE TEAM\r\n\t \t\t\t<\/span>\r\n \t\t\t\t\t\t\r\n\t\t\t<h2 class=\"sec-title th-title\">Meet Our Amazing Team<\/h2>\t\t<\/div>\r\n\r\n\t\t\t\t\t<\/div>\n\t\t\t\t<\/div>\n\t\t\t\t<div class=\"elementor-element elementor-element-f4a9c52 elementor-widget elementor-widget-logistikteam\" data-id=\"f4a9c52\" data-element_type=\"widget\" data-e-type=\"widget\" data-widget_type=\"logistikteam.default\">\n\t\t\t\t<div class=\"elementor-widget-container\">\n\t\t\t\t\t\r\n\t\t\t\t\t\t<div class=\"row slider-shadow  themeholy-carousel arrow-wrap\" data-slide-show=\"4\" data-lg-slide-show=\"3\" data-md-slide-show=\"2\" data-sm-slide-show=\"2\" data-xs-slide-show=\"1\" data-arrows=\"true\">\r\n\t\t\t\t                 <div class=\"col-sm-6 col-lg-4 col-xxl-3\">\r\n                    <div class=\"themeholy-team team-card\">\r\n                        <div class=\"team-img\">\r\n\t\t\t\t\t\t\t<img decoding=\"async\" src=\"https:\/\/themeholy.com\/wordpress\/logistik\/wp-content\/uploads\/2023\/04\/team_1_1.jpg\" alt=\"team_1_1\"  \/>                        <\/div>\r\n                        <div class=\"team-card-content\" data-bg-src=\"https:\/\/themeholy.com\/wordpress\/logistik\/wp-content\/uploads\/2023\/04\/team_card_shape.png\">\r\n                            <div class=\"team-social\">\r\n                                <div class=\"icon-btn\"><i class=\"fa-light fa-plus\"><\/i><\/div>\r\n                                <div class=\"themeholy-social\">\r\n\t\t\t\t\t\t\t\t\t\t\t\t\t\t\t\t\t\t\t<a  href=\"https:\/\/facebook.com\/\"><i class=\"fab fa-facebook-f\"><\/i><\/a> \r\n\t\t\t\t\t\t\t\t\t\r\n\t\t\t\t\t\t\t\t\t\t\t\t\t\t\t\t\t\t\t<a   href=\"https:\/\/twitter.com\/\"><i class=\"fab fa-twitter\"><\/i><\/a> \r\n\t\t\t\t\t\t\t\t\t\r\n\t\t\t\t\t\t\t\t\t\t\t\t\t\t\t\t\t\t\t<a   href=\"https:\/\/instagram.com\"><i class=\"fab fa-instagram\"><\/i><\/a> \r\n\t\t\t\t\t\t\t\t\t\r\n\t\t\t\t\t\t\t\t\t\t\t\t\t\t\t\t\t\t\t<a   href=\"https:\/\/linkedin.com\/\"><i class=\"fab fa-linkedin-in\"><\/i><\/a> \r\n\t\t\t\t\t\t\t\t\t                                <\/div>\r\n                            <\/div>\r\n                            <div class=\"team-content\">\r\n\t\t\t\t\t\t\t\t<h3 class=\"team-title box-title th-title\"><a  href=\"https:\/\/themeholy.com\/wordpress\/logistik\/team-details\/\">Ronald Richards<\/a><\/h3>\r\n                                <span class=\"team-desig\">Sr. Manager<\/span>\r\n                            <\/div>\r\n                        <\/div>\r\n                    <\/div>\r\n                <\/div>\r\n\t\t\t\t                 <div class=\"col-sm-6 col-lg-4 col-xxl-3\">\r\n                    <div class=\"themeholy-team team-card\">\r\n                        <div class=\"team-img\">\r\n\t\t\t\t\t\t\t<img decoding=\"async\" src=\"https:\/\/themeholy.com\/wordpress\/logistik\/wp-content\/uploads\/2023\/04\/team_1_2.jpg\" alt=\"team_1_2\"  \/>                        <\/div>\r\n                        <div class=\"team-card-content\" data-bg-src=\"https:\/\/themeholy.com\/wordpress\/logistik\/wp-content\/uploads\/2023\/04\/team_card_shape.png\">\r\n                            <div class=\"team-social\">\r\n                                <div class=\"icon-btn\"><i class=\"fa-light fa-plus\"><\/i><\/div>\r\n                                <div class=\"themeholy-social\">\r\n\t\t\t\t\t\t\t\t\t\t\t\t\t\t\t\t\t\t\t<a  href=\"https:\/\/facebook.com\/\"><i class=\"fab fa-facebook-f\"><\/i><\/a> \r\n\t\t\t\t\t\t\t\t\t\r\n\t\t\t\t\t\t\t\t\t\t\t\t\t\t\t\t\t\t\t<a   href=\"https:\/\/twitter.com\/\"><i class=\"fab fa-twitter\"><\/i><\/a> \r\n\t\t\t\t\t\t\t\t\t\r\n\t\t\t\t\t\t\t\t\t\t\t\t\t\t\t\t\t\t\t<a   href=\"https:\/\/instagram.com\"><i class=\"fab fa-instagram\"><\/i><\/a> \r\n\t\t\t\t\t\t\t\t\t\r\n\t\t\t\t\t\t\t\t\t\t\t\t\t\t\t\t\t\t\t<a   href=\"https:\/\/linkedin.com\/\"><i class=\"fab fa-linkedin-in\"><\/i><\/a> \r\n\t\t\t\t\t\t\t\t\t                                <\/div>\r\n                            <\/div>\r\n                            <div class=\"team-content\">\r\n\t\t\t\t\t\t\t\t<h3 class=\"team-title box-title th-title\"><a  href=\"https:\/\/themeholy.com\/wordpress\/logistik\/team-details\/\">Ralph Edwards<\/a><\/h3>\r\n                                <span class=\"team-desig\">Jr. Manager<\/span>\r\n                            <\/div>\r\n                        <\/div>\r\n                    <\/div>\r\n                <\/div>\r\n\t\t\t\t                 <div class=\"col-sm-6 col-lg-4 col-xxl-3\">\r\n                    <div class=\"themeholy-team team-card\">\r\n                        <div class=\"team-img\">\r\n\t\t\t\t\t\t\t<img decoding=\"async\" src=\"https:\/\/themeholy.com\/wordpress\/logistik\/wp-content\/uploads\/2023\/04\/team_1_3.jpg\" alt=\"team_1_3\"  \/>                        <\/div>\r\n                        <div class=\"team-card-content\" data-bg-src=\"https:\/\/themeholy.com\/wordpress\/logistik\/wp-content\/uploads\/2023\/04\/team_card_shape.png\">\r\n                            <div class=\"team-social\">\r\n                                <div class=\"icon-btn\"><i class=\"fa-light fa-plus\"><\/i><\/div>\r\n                                <div class=\"themeholy-social\">\r\n\t\t\t\t\t\t\t\t\t\t\t\t\t\t\t\t\t\t\t<a  href=\"https:\/\/facebook.com\/\"><i class=\"fab fa-facebook-f\"><\/i><\/a> \r\n\t\t\t\t\t\t\t\t\t\r\n\t\t\t\t\t\t\t\t\t\t\t\t\t\t\t\t\t\t\t<a   href=\"https:\/\/twitter.com\/\"><i class=\"fab fa-twitter\"><\/i><\/a> \r\n\t\t\t\t\t\t\t\t\t\r\n\t\t\t\t\t\t\t\t\t\t\t\t\t\t\t\t\t\t\t<a   href=\"https:\/\/instagram.com\"><i class=\"fab fa-instagram\"><\/i><\/a> \r\n\t\t\t\t\t\t\t\t\t\r\n\t\t\t\t\t\t\t\t\t\t\t\t\t\t\t\t\t\t\t<a   href=\"https:\/\/linkedin.com\/\"><i class=\"fab fa-linkedin-in\"><\/i><\/a> \r\n\t\t\t\t\t\t\t\t\t                                <\/div>\r\n                            <\/div>\r\n                            <div class=\"team-content\">\r\n\t\t\t\t\t\t\t\t<h3 class=\"team-title box-title th-title\"><a  href=\"https:\/\/themeholy.com\/wordpress\/logistik\/team-details\/\">Marvin McKinne<\/a><\/h3>\r\n                                <span class=\"team-desig\">Sr. Manager<\/span>\r\n                            <\/div>\r\n                        <\/div>\r\n                    <\/div>\r\n                <\/div>\r\n\t\t\t\t                 <div class=\"col-sm-6 col-lg-4 col-xxl-3\">\r\n                    <div class=\"themeholy-team team-card\">\r\n                        <div class=\"team-img\">\r\n\t\t\t\t\t\t\t<img decoding=\"async\" src=\"https:\/\/themeholy.com\/wordpress\/logistik\/wp-content\/uploads\/2023\/04\/team_1_4.jpg\" alt=\"team_1_4\"  \/>                        <\/div>\r\n                        <div class=\"team-card-content\" data-bg-src=\"https:\/\/themeholy.com\/wordpress\/logistik\/wp-content\/uploads\/2023\/04\/team_card_shape.png\">\r\n                            <div class=\"team-social\">\r\n                                <div class=\"icon-btn\"><i class=\"fa-light fa-plus\"><\/i><\/div>\r\n                                <div class=\"themeholy-social\">\r\n\t\t\t\t\t\t\t\t\t\t\t\t\t\t\t\t\t\t\t<a  href=\"https:\/\/facebook.com\/\"><i class=\"fab fa-facebook-f\"><\/i><\/a> \r\n\t\t\t\t\t\t\t\t\t\r\n\t\t\t\t\t\t\t\t\t\t\t\t\t\t\t\t\t\t\t<a   href=\"https:\/\/twitter.com\/\"><i class=\"fab fa-twitter\"><\/i><\/a> \r\n\t\t\t\t\t\t\t\t\t\r\n\t\t\t\t\t\t\t\t\t\t\t\t\t\t\t\t\t\t\t<a   href=\"https:\/\/instagram.com\"><i class=\"fab fa-instagram\"><\/i><\/a> \r\n\t\t\t\t\t\t\t\t\t\r\n\t\t\t\t\t\t\t\t\t\t\t\t\t\t\t\t\t\t\t<a   href=\"https:\/\/linkedin.com\/\"><i class=\"fab fa-linkedin-in\"><\/i><\/a> \r\n\t\t\t\t\t\t\t\t\t                                <\/div>\r\n                            <\/div>\r\n                            <div class=\"team-content\">\r\n\t\t\t\t\t\t\t\t<h3 class=\"team-title box-title th-title\"><a  href=\"https:\/\/themeholy.com\/wordpress\/logistik\/team-details\/\">Jacob Jones<\/a><\/h3>\r\n                                <span class=\"team-desig\">Jr. Manager<\/span>\r\n                            <\/div>\r\n                        <\/div>\r\n                    <\/div>\r\n                <\/div>\r\n\t\t\t\t                 <div class=\"col-sm-6 col-lg-4 col-xxl-3\">\r\n                    <div class=\"themeholy-team team-card\">\r\n                        <div class=\"team-img\">\r\n\t\t\t\t\t\t\t<img decoding=\"async\" src=\"https:\/\/themeholy.com\/wordpress\/logistik\/wp-content\/uploads\/2023\/04\/team_1_5.jpg\" alt=\"team_1_5\"  \/>                        <\/div>\r\n                        <div class=\"team-card-content\" data-bg-src=\"https:\/\/themeholy.com\/wordpress\/logistik\/wp-content\/uploads\/2023\/04\/team_card_shape.png\">\r\n                            <div class=\"team-social\">\r\n                                <div class=\"icon-btn\"><i class=\"fa-light fa-plus\"><\/i><\/div>\r\n                                <div class=\"themeholy-social\">\r\n\t\t\t\t\t\t\t\t\t\t\t\t\t\t\t\t\t\t\t<a  href=\"https:\/\/facebook.com\/\"><i class=\"fab fa-facebook-f\"><\/i><\/a> \r\n\t\t\t\t\t\t\t\t\t\r\n\t\t\t\t\t\t\t\t\t\t\t\t\t\t\t\t\t\t\t<a   href=\"https:\/\/twitter.com\/\"><i class=\"fab fa-twitter\"><\/i><\/a> \r\n\t\t\t\t\t\t\t\t\t\r\n\t\t\t\t\t\t\t\t\t\t\t\t\t\t\t\t\t\t\t<a   href=\"https:\/\/instagram.com\"><i class=\"fab fa-instagram\"><\/i><\/a> \r\n\t\t\t\t\t\t\t\t\t\r\n\t\t\t\t\t\t\t\t\t\t\t\t\t\t\t\t\t\t\t<a   href=\"https:\/\/linkedin.com\/\"><i class=\"fab fa-linkedin-in\"><\/i><\/a> \r\n\t\t\t\t\t\t\t\t\t                                <\/div>\r\n                            <\/div>\r\n                            <div class=\"team-content\">\r\n\t\t\t\t\t\t\t\t<h3 class=\"team-title box-title th-title\"><a  href=\"https:\/\/themeholy.com\/wordpress\/logistik\/team-details\/\">Jade Smith<\/a><\/h3>\r\n                                <span class=\"team-desig\">Sr. Manager<\/span>\r\n                            <\/div>\r\n                        <\/div>\r\n                    <\/div>\r\n                <\/div>\r\n\t\t\t\t            <\/div>\r\n\r\n\t\t\t\t\t\t<\/div>\n\t\t\t\t<\/div>\n\t\t\t\t\t<\/div>\n\t\t<\/div>\n\t\t\t\t\t<\/div>\n\t\t<\/section>\n\t\t\t\t<\/div>\n\t\t","protected":false},"excerpt":{"rendered":"<p>Quienes Somos TRANSIT CARGO PTY Somos\u00a0TRANSIT CARGO PTY, un PO BOX y Freight Forwarder con mucha experiencia y conocimiento del negocio log\u00edstico. Estamos a su disposici\u00f3n para brindarles nuestros servicios de importaci\u00f3n y exportaci\u00f3n por los diferentes medios de transporte que requieran.\u00a0 Somos tu Asesor Log\u00edstico de Confianza. MISION:Proveer soluciones y asesor\u00edas log\u00edsticas de manera&#8230;<\/p>\n","protected":false},"author":1,"featured_media":0,"parent":0,"menu_order":0,"comment_status":"closed","ping_status":"closed","template":"template-builder.php","meta":{"footnotes":""},"class_list":["post-2093","page","type-page","status-publish","hentry"],"_links":{"self":[{"href":"https:\/\/transitcargopty.com\/index.php\/wp-json\/wp\/v2\/pages\/2093","targetHints":{"allow":["GET"]}}],"collection":[{"href":"https:\/\/transitcargopty.com\/index.php\/wp-json\/wp\/v2\/pages"}],"about":[{"href":"https:\/\/transitcargopty.com\/index.php\/wp-json\/wp\/v2\/types\/page"}],"author":[{"embeddable":true,"href":"https:\/\/transitcargopty.com\/index.php\/wp-json\/wp\/v2\/users\/1"}],"replies":[{"embeddable":true,"href":"https:\/\/transitcargopty.com\/index.php\/wp-json\/wp\/v2\/comments?post=2093"}],"version-history":[{"count":44,"href":"https:\/\/transitcargopty.com\/index.php\/wp-json\/wp\/v2\/pages\/2093\/revisions"}],"predecessor-version":[{"id":2481,"href":"https:\/\/transitcargopty.com\/index.php\/wp-json\/wp\/v2\/pages\/2093\/revisions\/2481"}],"wp:attachment":[{"href":"https:\/\/transitcargopty.com\/index.php\/wp-json\/wp\/v2\/media?parent=2093"}],"curies":[{"name":"wp","href":"https:\/\/api.w.org\/{rel}","templated":true}]}}