{"id":2095,"date":"2023-04-11T02:59:41","date_gmt":"2023-04-11T02:59:41","guid":{"rendered":"https:\/\/themeholy.com\/wordpress\/logistik\/?page_id=18"},"modified":"2023-11-02T14:19:09","modified_gmt":"2023-11-02T14:19:09","slug":"services","status":"publish","type":"page","link":"https:\/\/transitcargopty.com\/index.php\/services\/","title":{"rendered":"Nuestros Servicios"},"content":{"rendered":"\t\t<div data-elementor-type=\"wp-page\" data-elementor-id=\"2095\" class=\"elementor elementor-2095\">\n\t\t\t\t\t\t<section class=\"elementor-section elementor-top-section elementor-element elementor-element-10147ea elementor-section-boxed elementor-section-height-default elementor-section-height-default\" data-id=\"10147ea\" data-element_type=\"section\" data-e-type=\"section\">\n\t\t\t\t\t\t<div class=\"elementor-container elementor-column-gap-no\">\n\t\t\t\t\t<div class=\"elementor-column elementor-col-100 elementor-top-column elementor-element elementor-element-fa32bdf\" data-id=\"fa32bdf\" data-element_type=\"column\" data-e-type=\"column\">\n\t\t\t<div class=\"elementor-widget-wrap elementor-element-populated\">\n\t\t\t\t\r\n\t\t<div class=\"elementor-element elementor-element-c429612 elementor-widget elementor-widget-text-editor\" data-id=\"c429612\" data-element_type=\"widget\" data-e-type=\"widget\" data-widget_type=\"text-editor.default\">\n\t\t\t\t<div class=\"elementor-widget-container\">\n\t\t\t\t\t\t\t\t\t<p style=\"font-weight: 400;\">Nuestra empresa ofrece una amplia gama de servicios dise\u00f1ados para ayudarle a simplificar sus necesidades de compras online, env\u00edos de carga internacionales y transporte local.<\/p><p style=\"font-weight: 400;\">Entendemos la necesidad de nuestros clientes para comprar y recibir paquetes o mercanc\u00edas por aire o mar desde Miami a Panam\u00e1, nosotros te cubrimos.<\/p><p>Nuestro equipo de expertos puede ayudarle a navegar las complejidades del env\u00edo y ofrecerle asesor\u00edas sobre las mejores opciones para satisfacer tus necesidades espec\u00edficas.<\/p><p>Contamos con asistencia para sus compras en l\u00ednea, incluyendo compras en sitios populares como Amazon, Ebay, Aliexpress y Alibaba.<\/p><p style=\"font-weight: 400;\">Si buscas importar o exportar tu mercanc\u00eda tambi\u00e9n podemos ayudarle con la mejor asesor\u00eda en cuanto al transporte internacional seg\u00fan la necesidad de la carga y medio de transporte que requieran (mar\u00edtimo, a\u00e9reo y terrestre).\u00a0Mantenemos servicios de transporte terrestre para movilizar sus contenedores o carga suelta.<\/p><p>Adicional a toda nuestra asesor\u00eda le brindamos servicios de corretaje aduanal y seguros de carga internacional para garantizar su inversi\u00f3n o necesidad de mercanc\u00eda.<\/p><p>Conf\u00eda en nosotros para ayudarle a hacer que el env\u00edo y la compra sean f\u00e1ciles y sin complicaciones.\u00a0<\/p><p style=\"font-weight: 400;\"><strong>Somos<\/strong>\u00a0<strong>TRANSIT CARGO PTY<\/strong>,\u00a0<strong><em>tu Asesor Log\u00edstico de Confianza.<\/em><\/strong><\/p>\t\t\t\t\t\t\t\t<\/div>\n\t\t\t\t<\/div>\n\t\t\t\t<div class=\"elementor-element elementor-element-41bb0f1 elementor-widget elementor-widget-logistikservice\" data-id=\"41bb0f1\" data-element_type=\"widget\" data-e-type=\"widget\" data-widget_type=\"logistikservice.default\">\n\t\t\t\t<div class=\"elementor-widget-container\">\n\t\t\t\t\t\r\n        \t\t\t<div class=\"row slider-shadow themeholy-carousel arrow-wrap\" data-slide-show=\"4\" data-xl-slide-show=\"3\" data-lg-slide-show=\"3\" data-md-slide-show=\"2\" data-sm-slide-show=\"1\" data-xs-slide-show=\"1\" data-arrows=\"true\">\r\n\t\t\t\t\t\t\t\t<div class=\"col-md-6 col-lg-4 col-xl-4\">\r\n\t\t\t\t\t<div class=\"service-card th-wrap\">\r\n\t\t\t\t\t\t<div class=\"service-card_img\">\r\n\t\t\t\t\t\t\t<img decoding=\"async\" src=\"https:\/\/transitcargopty.com\/wp-content\/uploads\/2023\/11\/primer-plano-mensajero-que-adjunta-etiqueta-direccion-paquete-mientras-trabaja-oficina-scaled-e1698856247416.jpg\" alt=\"primer plano mensajero que adjunta etiqueta direccion paquete mientras trabaja oficina scaled e1698856247416\"  \/>\t\t\t\t\t\t<\/div>\r\n\t\t\t\t\t\t<div class=\"service-card_wrapper\">\r\n\t\t\t\t\t\t\t<div class=\"service-card_content th-box\" data-bg-src=\"https:\/\/themeholy.com\/wordpress\/logistik\/wp-content\/uploads\/2023\/04\/pattern_1_1.svg\">\r\n\t\t\t\t\t\t\t\t<div class=\"service-card_icon\">\r\n\t\t\t\t\t\t\t\t\t<img decoding=\"async\" src=\"https:\/\/themeholy.com\/wordpress\/logistik\/wp-content\/uploads\/2023\/04\/service_1_1.svg\" alt=\"service_1_1\"  \/>\t\t\t\t\t\t\t\t<\/div>\r\n\t\t\t\t\t\t\t\t<h3 class=\"service-card_title th-title\"><a href=\"\">PO BOX en Miami, Env\u00edo a\u00e9reo y mar\u00edtimo hacia Panam\u00e1.<\/a><\/h3>\r\n\t\t\t\t\t\t\t\t<p class=\"service-card_desc th-desc\"><\/p>\r\n\t\t\t\t\t\t\t<\/div>\r\n\t\t\t\t\t\t\t<div class=\"share-option\">\r\n\t\t\t\t\t\t\t\t<div class=\"share-link\">\r\n\t\t\t\t\t\t\t\t\t<i class=\"fa-sharp fa-regular fa-arrow-up\"><\/i>\r\n\t\t\t\t\t\t\t\t<\/div>\r\n\t\t\t\t\t\t\t\t<div class=\"team-social2\">\r\n\t\t\t\t\t\t\t\t\t<div class=\"icon-team-list\">\r\n\t\t\t\t\t\t\t\t\t\t<a href=\"\" class=\"ser-icon\"><\/p>\r\n\t\t\t\t\t\t\t\t\t\t<\/a>\r\n\t\t\t\t\t\t\t\t\t<\/div>\r\n\t\t\t\t\t\t\t\t<\/div>\r\n\t\t\t\t\t\t\t<\/div>\r\n\t\t\t\t\t\t<\/div>\r\n\t\t\t\t\t<\/div>\r\n\t\t\t\t<\/div>\r\n\t\t\t\t\t\t\t\t<div class=\"col-md-6 col-lg-4 col-xl-4\">\r\n\t\t\t\t\t<div class=\"service-card th-wrap\">\r\n\t\t\t\t\t\t<div class=\"service-card_img\">\r\n\t\t\t\t\t\t\t<img decoding=\"async\" src=\"https:\/\/transitcargopty.com\/wp-content\/uploads\/2023\/11\/negocio-compras-linea-concepto-venta-scaled-e1698856361779.jpg\" alt=\"negocio compras linea concepto venta scaled e1698856361779\"  \/>\t\t\t\t\t\t<\/div>\r\n\t\t\t\t\t\t<div class=\"service-card_wrapper\">\r\n\t\t\t\t\t\t\t<div class=\"service-card_content th-box\" data-bg-src=\"https:\/\/themeholy.com\/wordpress\/logistik\/wp-content\/uploads\/2023\/04\/pattern_1_1.svg\">\r\n\t\t\t\t\t\t\t\t<div class=\"service-card_icon\">\r\n\t\t\t\t\t\t\t\t\t<img decoding=\"async\" src=\"https:\/\/transitcargopty.com\/wp-content\/uploads\/2023\/04\/feature_3_4.svg\" alt=\"feature_3_4\"  \/>\t\t\t\t\t\t\t\t<\/div>\r\n\t\t\t\t\t\t\t\t<h3 class=\"service-card_title th-title\"><a href=\"\">Asesor\u00eda en compras online, Amazon, Ebay, Aliexpress y Alibaba.<\/a><\/h3>\r\n\t\t\t\t\t\t\t\t<p class=\"service-card_desc th-desc\"><\/p>\r\n\t\t\t\t\t\t\t<\/div>\r\n\t\t\t\t\t\t\t<div class=\"share-option\">\r\n\t\t\t\t\t\t\t\t<div class=\"share-link\">\r\n\t\t\t\t\t\t\t\t\t<i class=\"fa-sharp fa-regular fa-arrow-up\"><\/i>\r\n\t\t\t\t\t\t\t\t<\/div>\r\n\t\t\t\t\t\t\t\t<div class=\"team-social2\">\r\n\t\t\t\t\t\t\t\t\t<div class=\"icon-team-list\">\r\n\t\t\t\t\t\t\t\t\t\t<a href=\"\" class=\"ser-icon\"><\/p>\r\n\t\t\t\t\t\t\t\t\t\t<\/a>\r\n\t\t\t\t\t\t\t\t\t<\/div>\r\n\t\t\t\t\t\t\t\t<\/div>\r\n\t\t\t\t\t\t\t<\/div>\r\n\t\t\t\t\t\t<\/div>\r\n\t\t\t\t\t<\/div>\r\n\t\t\t\t<\/div>\r\n\t\t\t\t\t\t\t\t<div class=\"col-md-6 col-lg-4 col-xl-4\">\r\n\t\t\t\t\t<div class=\"service-card th-wrap\">\r\n\t\t\t\t\t\t<div class=\"service-card_img\">\r\n\t\t\t\t\t\t\t<img decoding=\"async\" src=\"https:\/\/transitcargopty.com\/wp-content\/uploads\/2023\/06\/project_6_1-e1698856398811.jpg\" alt=\"project_6_1 e1698856398811\"  \/>\t\t\t\t\t\t<\/div>\r\n\t\t\t\t\t\t<div class=\"service-card_wrapper\">\r\n\t\t\t\t\t\t\t<div class=\"service-card_content th-box\" data-bg-src=\"https:\/\/themeholy.com\/wordpress\/logistik\/wp-content\/uploads\/2023\/04\/pattern_1_1.svg\">\r\n\t\t\t\t\t\t\t\t<div class=\"service-card_icon\">\r\n\t\t\t\t\t\t\t\t\t<img decoding=\"async\" src=\"https:\/\/transitcargopty.com\/wp-content\/uploads\/2023\/06\/service_2_1.svg\" alt=\"service_2_1\"  \/>\t\t\t\t\t\t\t\t<\/div>\r\n\t\t\t\t\t\t\t\t<h3 class=\"service-card_title th-title\"><a href=\"\"> Importaci\u00f3n y exportaci\u00f3n a\u00e9rea. <\/a><\/h3>\r\n\t\t\t\t\t\t\t\t<p class=\"service-card_desc th-desc\"><\/p>\r\n\t\t\t\t\t\t\t<\/div>\r\n\t\t\t\t\t\t\t<div class=\"share-option\">\r\n\t\t\t\t\t\t\t\t<div class=\"share-link\">\r\n\t\t\t\t\t\t\t\t\t<i class=\"fa-sharp fa-regular fa-arrow-up\"><\/i>\r\n\t\t\t\t\t\t\t\t<\/div>\r\n\t\t\t\t\t\t\t\t<div class=\"team-social2\">\r\n\t\t\t\t\t\t\t\t\t<div class=\"icon-team-list\">\r\n\t\t\t\t\t\t\t\t\t\t<a href=\"\" class=\"ser-icon\"><\/p>\r\n\t\t\t\t\t\t\t\t\t\t<\/a>\r\n\t\t\t\t\t\t\t\t\t<\/div>\r\n\t\t\t\t\t\t\t\t<\/div>\r\n\t\t\t\t\t\t\t<\/div>\r\n\t\t\t\t\t\t<\/div>\r\n\t\t\t\t\t<\/div>\r\n\t\t\t\t<\/div>\r\n\t\t\t\t\t\t\t\t<div class=\"col-md-6 col-lg-4 col-xl-4\">\r\n\t\t\t\t\t<div class=\"service-card th-wrap\">\r\n\t\t\t\t\t\t<div class=\"service-card_img\">\r\n\t\t\t\t\t\t\t<img decoding=\"async\" src=\"https:\/\/transitcargopty.com\/wp-content\/uploads\/2023\/06\/project_6_3-e1698856622836.jpg\" alt=\"project_6_3 e1698856622836\"  \/>\t\t\t\t\t\t<\/div>\r\n\t\t\t\t\t\t<div class=\"service-card_wrapper\">\r\n\t\t\t\t\t\t\t<div class=\"service-card_content th-box\" data-bg-src=\"https:\/\/themeholy.com\/wordpress\/logistik\/wp-content\/uploads\/2023\/04\/pattern_1_1.svg\">\r\n\t\t\t\t\t\t\t\t<div class=\"service-card_icon\">\r\n\t\t\t\t\t\t\t\t\t<img decoding=\"async\" src=\"https:\/\/transitcargopty.com\/wp-content\/uploads\/2023\/06\/service_1_5.svg\" alt=\"service_1_5\"  \/>\t\t\t\t\t\t\t\t<\/div>\r\n\t\t\t\t\t\t\t\t<h3 class=\"service-card_title th-title\"><a href=\"\">Importaci\u00f3n y exportaci\u00f3n de carga mar\u00edtima contenerizada y carga suelta (LCL).<\/a><\/h3>\r\n\t\t\t\t\t\t\t\t<p class=\"service-card_desc th-desc\"><\/p>\r\n\t\t\t\t\t\t\t<\/div>\r\n\t\t\t\t\t\t\t<div class=\"share-option\">\r\n\t\t\t\t\t\t\t\t<div class=\"share-link\">\r\n\t\t\t\t\t\t\t\t\t<i class=\"fa-sharp fa-regular fa-arrow-up\"><\/i>\r\n\t\t\t\t\t\t\t\t<\/div>\r\n\t\t\t\t\t\t\t\t<div class=\"team-social2\">\r\n\t\t\t\t\t\t\t\t\t<div class=\"icon-team-list\">\r\n\t\t\t\t\t\t\t\t\t\t<a href=\"\" class=\"ser-icon\"><\/p>\r\n\t\t\t\t\t\t\t\t\t\t<\/a>\r\n\t\t\t\t\t\t\t\t\t<\/div>\r\n\t\t\t\t\t\t\t\t<\/div>\r\n\t\t\t\t\t\t\t<\/div>\r\n\t\t\t\t\t\t<\/div>\r\n\t\t\t\t\t<\/div>\r\n\t\t\t\t<\/div>\r\n\t\t\t\t\t\t\t<\/div>\r\n\r\n\t\t\t\t\t\t<\/div>\n\t\t\t\t<\/div>\n\t\t\t\t<div class=\"elementor-element elementor-element-495e06e elementor-widget elementor-widget-logistikservice\" data-id=\"495e06e\" data-element_type=\"widget\" data-e-type=\"widget\" data-widget_type=\"logistikservice.default\">\n\t\t\t\t<div class=\"elementor-widget-container\">\n\t\t\t\t\t\r\n        \t\t\t<div class=\"row slider-shadow themeholy-carousel arrow-wrap\" data-slide-show=\"4\" data-xl-slide-show=\"3\" data-lg-slide-show=\"3\" data-md-slide-show=\"2\" data-sm-slide-show=\"1\" data-xs-slide-show=\"1\" data-arrows=\"true\">\r\n\t\t\t\t\t\t\t\t<div class=\"col-md-6 col-lg-4 col-xl-4\">\r\n\t\t\t\t\t<div class=\"service-card th-wrap\">\r\n\t\t\t\t\t\t<div class=\"service-card_img\">\r\n\t\t\t\t\t\t\t<img decoding=\"async\" src=\"https:\/\/transitcargopty.com\/wp-content\/uploads\/2023\/11\/hombre-tiro-completo-caminando-flota-camiones-scaled-e1698857264361.jpg\" alt=\"hombre tiro completo caminando flota camiones scaled e1698857264361\"  \/>\t\t\t\t\t\t<\/div>\r\n\t\t\t\t\t\t<div class=\"service-card_wrapper\">\r\n\t\t\t\t\t\t\t<div class=\"service-card_content th-box\" data-bg-src=\"https:\/\/themeholy.com\/wordpress\/logistik\/wp-content\/uploads\/2023\/04\/pattern_1_1.svg\">\r\n\t\t\t\t\t\t\t\t<div class=\"service-card_icon\">\r\n\t\t\t\t\t\t\t\t\t<img decoding=\"async\" src=\"https:\/\/transitcargopty.com\/wp-content\/uploads\/2023\/06\/order-tracking.svg\" alt=\"order tracking\"  \/>\t\t\t\t\t\t\t\t<\/div>\r\n\t\t\t\t\t\t\t\t<h3 class=\"service-card_title th-title\"><a href=\"\">Transporte Terrestre,  Contenedores y Carga Suelta.<\/a><\/h3>\r\n\t\t\t\t\t\t\t\t<p class=\"service-card_desc th-desc\"><\/p>\r\n\t\t\t\t\t\t\t<\/div>\r\n\t\t\t\t\t\t\t<div class=\"share-option\">\r\n\t\t\t\t\t\t\t\t<div class=\"share-link\">\r\n\t\t\t\t\t\t\t\t\t<i class=\"fa-sharp fa-regular fa-arrow-up\"><\/i>\r\n\t\t\t\t\t\t\t\t<\/div>\r\n\t\t\t\t\t\t\t\t<div class=\"team-social2\">\r\n\t\t\t\t\t\t\t\t\t<div class=\"icon-team-list\">\r\n\t\t\t\t\t\t\t\t\t\t<a href=\"\" class=\"ser-icon\"><\/p>\r\n\t\t\t\t\t\t\t\t\t\t<\/a>\r\n\t\t\t\t\t\t\t\t\t<\/div>\r\n\t\t\t\t\t\t\t\t<\/div>\r\n\t\t\t\t\t\t\t<\/div>\r\n\t\t\t\t\t\t<\/div>\r\n\t\t\t\t\t<\/div>\r\n\t\t\t\t<\/div>\r\n\t\t\t\t\t\t\t\t<div class=\"col-md-6 col-lg-4 col-xl-4\">\r\n\t\t\t\t\t<div class=\"service-card th-wrap\">\r\n\t\t\t\t\t\t<div class=\"service-card_img\">\r\n\t\t\t\t\t\t\t<img decoding=\"async\" src=\"https:\/\/transitcargopty.com\/wp-content\/uploads\/2023\/11\/trabajador-masculino-escribiendo-portapapeles-scaled-e1698857752994.jpg\" alt=\"Male worker writing on clipboard in warehouse\"  \/>\t\t\t\t\t\t<\/div>\r\n\t\t\t\t\t\t<div class=\"service-card_wrapper\">\r\n\t\t\t\t\t\t\t<div class=\"service-card_content th-box\" data-bg-src=\"https:\/\/themeholy.com\/wordpress\/logistik\/wp-content\/uploads\/2023\/04\/pattern_1_1.svg\">\r\n\t\t\t\t\t\t\t\t<div class=\"service-card_icon\">\r\n\t\t\t\t\t\t\t\t\t<img decoding=\"async\" src=\"https:\/\/transitcargopty.com\/wp-content\/uploads\/2023\/06\/about_2_1.svg\" alt=\"about_2_1\"  \/>\t\t\t\t\t\t\t\t<\/div>\r\n\t\t\t\t\t\t\t\t<h3 class=\"service-card_title th-title\"><a href=\"\">Servicios de corredur\u00eda y servicios de de aduanas.<\/a><\/h3>\r\n\t\t\t\t\t\t\t\t<p class=\"service-card_desc th-desc\"><\/p>\r\n\t\t\t\t\t\t\t<\/div>\r\n\t\t\t\t\t\t\t<div class=\"share-option\">\r\n\t\t\t\t\t\t\t\t<div class=\"share-link\">\r\n\t\t\t\t\t\t\t\t\t<i class=\"fa-sharp fa-regular fa-arrow-up\"><\/i>\r\n\t\t\t\t\t\t\t\t<\/div>\r\n\t\t\t\t\t\t\t\t<div class=\"team-social2\">\r\n\t\t\t\t\t\t\t\t\t<div class=\"icon-team-list\">\r\n\t\t\t\t\t\t\t\t\t\t<a href=\"\" class=\"ser-icon\"><\/p>\r\n\t\t\t\t\t\t\t\t\t\t<\/a>\r\n\t\t\t\t\t\t\t\t\t<\/div>\r\n\t\t\t\t\t\t\t\t<\/div>\r\n\t\t\t\t\t\t\t<\/div>\r\n\t\t\t\t\t\t<\/div>\r\n\t\t\t\t\t<\/div>\r\n\t\t\t\t<\/div>\r\n\t\t\t\t\t\t\t\t<div class=\"col-md-6 col-lg-4 col-xl-4\">\r\n\t\t\t\t\t<div class=\"service-card th-wrap\">\r\n\t\t\t\t\t\t<div class=\"service-card_img\">\r\n\t\t\t\t\t\t\t<img decoding=\"async\" src=\"https:\/\/transitcargopty.com\/wp-content\/uploads\/2023\/11\/empleados-trabajo-equipo-almacen-scaled-e1698857560974.jpg\" alt=\"empleados trabajo equipo almacen scaled e1698857560974\"  \/>\t\t\t\t\t\t<\/div>\r\n\t\t\t\t\t\t<div class=\"service-card_wrapper\">\r\n\t\t\t\t\t\t\t<div class=\"service-card_content th-box\" data-bg-src=\"https:\/\/themeholy.com\/wordpress\/logistik\/wp-content\/uploads\/2023\/04\/pattern_1_1.svg\">\r\n\t\t\t\t\t\t\t\t<div class=\"service-card_icon\">\r\n\t\t\t\t\t\t\t\t\t<img decoding=\"async\" src=\"https:\/\/transitcargopty.com\/wp-content\/uploads\/2023\/06\/shipping.svg\" alt=\"shipping\"  \/>\t\t\t\t\t\t\t\t<\/div>\r\n\t\t\t\t\t\t\t\t<h3 class=\"service-card_title th-title\"><a href=\"\">Seguro de mercanc\u00edas para Contenedores y Carga Suelta.<\/a><\/h3>\r\n\t\t\t\t\t\t\t\t<p class=\"service-card_desc th-desc\"> <\/p>\r\n\t\t\t\t\t\t\t<\/div>\r\n\t\t\t\t\t\t\t<div class=\"share-option\">\r\n\t\t\t\t\t\t\t\t<div class=\"share-link\">\r\n\t\t\t\t\t\t\t\t\t<i class=\"fa-sharp fa-regular fa-arrow-up\"><\/i>\r\n\t\t\t\t\t\t\t\t<\/div>\r\n\t\t\t\t\t\t\t\t<div class=\"team-social2\">\r\n\t\t\t\t\t\t\t\t\t<div class=\"icon-team-list\">\r\n\t\t\t\t\t\t\t\t\t\t<a href=\"\" class=\"ser-icon\"><\/p>\r\n\t\t\t\t\t\t\t\t\t\t<\/a>\r\n\t\t\t\t\t\t\t\t\t<\/div>\r\n\t\t\t\t\t\t\t\t<\/div>\r\n\t\t\t\t\t\t\t<\/div>\r\n\t\t\t\t\t\t<\/div>\r\n\t\t\t\t\t<\/div>\r\n\t\t\t\t<\/div>\r\n\t\t\t\t\t\t\t<\/div>\r\n\r\n\t\t\t\t\t\t<\/div>\n\t\t\t\t<\/div>\n\t\t\t\t\t<\/div>\n\t\t<\/div>\n\t\t\t\t\t<\/div>\n\t\t<\/section>\n\t\t\t\t<\/div>\n\t\t","protected":false},"excerpt":{"rendered":"<p>Nuestra empresa ofrece una amplia gama de servicios dise\u00f1ados para ayudarle a simplificar sus necesidades de compras online, env\u00edos de carga internacionales y transporte local. Entendemos la necesidad de nuestros clientes para comprar y recibir paquetes o mercanc\u00edas por aire o mar desde Miami a Panam\u00e1, nosotros te cubrimos. Nuestro equipo de expertos puede ayudarle&#8230;<\/p>\n","protected":false},"author":1,"featured_media":0,"parent":0,"menu_order":0,"comment_status":"closed","ping_status":"closed","template":"template-builder.php","meta":{"footnotes":""},"class_list":["post-2095","page","type-page","status-publish","hentry"],"_links":{"self":[{"href":"https:\/\/transitcargopty.com\/index.php\/wp-json\/wp\/v2\/pages\/2095","targetHints":{"allow":["GET"]}}],"collection":[{"href":"https:\/\/transitcargopty.com\/index.php\/wp-json\/wp\/v2\/pages"}],"about":[{"href":"https:\/\/transitcargopty.com\/index.php\/wp-json\/wp\/v2\/types\/page"}],"author":[{"embeddable":true,"href":"https:\/\/transitcargopty.com\/index.php\/wp-json\/wp\/v2\/users\/1"}],"replies":[{"embeddable":true,"href":"https:\/\/transitcargopty.com\/index.php\/wp-json\/wp\/v2\/comments?post=2095"}],"version-history":[{"count":43,"href":"https:\/\/transitcargopty.com\/index.php\/wp-json\/wp\/v2\/pages\/2095\/revisions"}],"predecessor-version":[{"id":2509,"href":"https:\/\/transitcargopty.com\/index.php\/wp-json\/wp\/v2\/pages\/2095\/revisions\/2509"}],"wp:attachment":[{"href":"https:\/\/transitcargopty.com\/index.php\/wp-json\/wp\/v2\/media?parent=2095"}],"curies":[{"name":"wp","href":"https:\/\/api.w.org\/{rel}","templated":true}]}}