{"id":2261,"date":"2023-10-13T16:38:47","date_gmt":"2023-10-13T16:38:47","guid":{"rendered":"http:\/\/localhost\/transitcargopty\/?page_id=2261"},"modified":"2023-11-23T23:08:46","modified_gmt":"2023-11-23T23:08:46","slug":"cotiza-con-nosotros","status":"publish","type":"page","link":"https:\/\/transitcargopty.com\/index.php\/cotiza-con-nosotros\/","title":{"rendered":"Cotiza con Nosotros"},"content":{"rendered":"\t\t<div data-elementor-type=\"wp-page\" data-elementor-id=\"2261\" class=\"elementor elementor-2261\">\n\t\t\t\t\t\t<section class=\"elementor-section elementor-top-section elementor-element elementor-element-f0a5434 elementor-reverse-tablet elementor-reverse-mobile elementor-section-boxed elementor-section-height-default elementor-section-height-default\" data-id=\"f0a5434\" data-element_type=\"section\" data-e-type=\"section\" data-settings=\"{&quot;background_background&quot;:&quot;classic&quot;}\">\n\t\t\t\t\t\t<div class=\"elementor-container elementor-column-gap-no\">\n\t\t\t\t\t<div class=\"elementor-column elementor-col-50 elementor-top-column elementor-element elementor-element-1061573\" data-id=\"1061573\" data-element_type=\"column\" data-e-type=\"column\">\n\t\t\t<div class=\"elementor-widget-wrap elementor-element-populated\">\n\t\t\t\t\r\n\t\t<div class=\"elementor-element elementor-element-e1dee54 elementor-widget elementor-widget-logistikcontactinfo\" data-id=\"e1dee54\" data-element_type=\"widget\" data-e-type=\"widget\" data-widget_type=\"logistikcontactinfo.default\">\n\t\t\t\t<div class=\"elementor-widget-container\">\n\t\t\t\t\t        \t\t\t<div class=\"contact-info-wrap\">\r\n\t\t\t\t<div class=\"title-area\">\r\n\t\t\t\t\t<span class=\"sub-title th-sub\">\r\n\t\t\t\t\t\t\t\t\t\t<\/span>\r\n\t\t\t\t\t<h2 class=\"sec-title mb-0 th-title\">Cont\u00e1ctanos<\/h2>\r\n\t\t\t\t<\/div>\r\n\t\t\t\t<div class=\"contact-info\">\r\n\t\t\t\t\t<div class=\"contact-info_icon\">\r\n\t\t\t\t\t\t<i class=\"\">\r\n\t\t\t\t\t\t\t<img decoding=\"async\" src=\"https:\/\/themeholy.com\/wordpress\/logistik\/wp-content\/uploads\/2023\/04\/location_5.svg\" alt=\"location_5\"  \/>\t\t\t\t\t\t<\/i>\r\n\t\t\t\t\t<\/div>\r\n\t\t\t\t\t<div class=\"media-body\">\r\n\t\t\t\t\t\t<h4 class=\"contact-info_title\">Direcci\u00f3n<\/h4>\r\n\t\t\t\t\t\t<span class=\"contact-info_text\">Panama City, Ave. 12 Oct. Ph Athas. Rep. Of Panama.<\/span>\r\n\t\t\t\t\t<\/div>\r\n\t\t\t\t<\/div>\r\n\t\t\t\t<div class=\"contact-info\">\r\n\t\t\t\t\t<div class=\"contact-info_icon\">\r\n\t\t\t\t\t\t<i class=\"\">\r\n\t\t\t\t\t\t\t<img decoding=\"async\" src=\"https:\/\/themeholy.com\/wordpress\/logistik\/wp-content\/uploads\/2023\/04\/phone.svg\" alt=\"phone\"  \/>\t\t\t\t\t\t<\/i>\r\n\t\t\t\t\t<\/div>\r\n\t\t\t\t\t<div class=\"media-body\">\r\n\t\t\t\t\t\t<h4 class=\"contact-info_title\">Tel\u00e9fono<\/h4>\r\n\t\t\t\t\t\t<span class=\"contact-info_text\">\r\n\t\t\t\t\t\t\t<a href=\"tel:+5072776595\">+(507) 277-6595<\/a>\r\n\t\t\t\t\t\t<\/span>\r\n\t\t\t\t\t<\/div>\r\n\t\t\t\t<\/div>\r\n\t\t\t\t<div class=\"contact-info\">\r\n\t\t\t\t\t<div class=\"contact-info_icon\">\r\n\t\t\t\t\t\t<i class=\"\">\r\n\t\t\t\t\t\t\t<img decoding=\"async\" src=\"https:\/\/themeholy.com\/wordpress\/logistik\/wp-content\/uploads\/2023\/04\/email.svg\" alt=\"email\"  \/>\t\t\t\t\t\t<\/i>\r\n\t\t\t\t\t<\/div>\r\n\t\t\t\t\t<div class=\"media-body\">\r\n\t\t\t\t\t\t<h4 class=\"contact-info_title\">Email <\/h4>\r\n\t\t\t\t\t\t<span class=\"contact-info_text\">\r\n\t\t\t\t\t\t\t<a href=\"mailto:ops@transitcargopty.com\">ops@transitcargopty.com<\/a>\r\n\t\t\t\t\t\t<\/span>\r\n\t\t\t\t\t<\/div>\r\n\t\t\t\t<\/div>\r\n\t\t\t\t<div class=\"themeholy-social author-social\">\r\n\t\t\t\t\t<h4 class=\"info-title\"><\/h4>\r\n\t\t\t\t\t\r\n\t\t\t\t\t\r\n\t\t\t\t\t\r\n\t\t\t\t\t\t\t\t\t<\/div>\r\n\t\t\t<\/div>\r\n\r\n\t\t\t\t\t\t<\/div>\n\t\t\t\t<\/div>\n\t\t\t\t\t<\/div>\n\t\t<\/div>\n\t\t\t\t<div class=\"elementor-column elementor-col-50 elementor-top-column elementor-element elementor-element-24b49cf\" data-id=\"24b49cf\" data-element_type=\"column\" data-e-type=\"column\">\n\t\t\t<div class=\"elementor-widget-wrap elementor-element-populated\">\n\t\t\t\t\t\t<div class=\"elementor-element elementor-element-e3bf35d elementor-widget elementor-widget-logistikcontactform\" data-id=\"e3bf35d\" data-element_type=\"widget\" data-e-type=\"widget\" data-widget_type=\"logistikcontactform.default\">\n\t\t\t\t<div class=\"elementor-widget-container\">\n\t\t\t\t\t\t\t\t\t\t<div class=\"service-form-wrap\">\r\n\t\t\t\t<div class=\"service-form  th-bg ajax-contact\">\r\n\t\t\t\t\t<h3 class=\"fs-24 mb-30 mt-n1 text-white th-title\">Si desea recibir un presupuesto para su env\u00edo internacional de mercanc\u00edas, rellene y env\u00ede el siguiente formulario:\n<\/h3>\r\n\t\t\t\t\t\n<div class=\"wpcf7 no-js\" id=\"wpcf7-f2368-o1\" lang=\"en-US\" dir=\"ltr\" data-wpcf7-id=\"2368\">\n<div class=\"screen-reader-response\"><p role=\"status\" aria-live=\"polite\" aria-atomic=\"true\"><\/p> <ul><\/ul><\/div>\n<form action=\"\/index.php\/wp-json\/wp\/v2\/pages\/2261#wpcf7-f2368-o1\" method=\"post\" class=\"wpcf7-form init\" aria-label=\"Contact form\" novalidate=\"novalidate\" data-status=\"init\">\n<fieldset class=\"hidden-fields-container\"><input type=\"hidden\" name=\"_wpcf7\" value=\"2368\" \/><input type=\"hidden\" name=\"_wpcf7_version\" value=\"6.1.5\" \/><input type=\"hidden\" name=\"_wpcf7_locale\" value=\"en_US\" \/><input type=\"hidden\" name=\"_wpcf7_unit_tag\" value=\"wpcf7-f2368-o1\" \/><input type=\"hidden\" name=\"_wpcf7_container_post\" value=\"0\" \/><input type=\"hidden\" name=\"_wpcf7_posted_data_hash\" value=\"\" \/>\n<\/fieldset>\n<div class=\"col-12  p-3\">\n        <label for=\"wsf-1-field-1\" class=\"form-label\">\u00bfHa trabajado alguna vez con Transit Cargo PTY? \n            <span class=\"text-danger\">*<\/span>\n        <\/label>\n        <span class=\"wpcf7-form-control-wrap\" data-name=\"field_1\"><select class=\"wpcf7-form-control wpcf7-select wpcf7-validates-as-required\" aria-required=\"true\" aria-invalid=\"false\" name=\"field_1\"><option value=\"\">&#8212;Please choose an option&#8212;<\/option><option value=\"S\u00ed\">S\u00ed<\/option><option value=\"No\">No<\/option><\/select><\/span>\n        <div class=\"invalid-feedback\">Por favor, elija una opci\u00f3n v\u00e1lida para \u00bfha trabajado alguna vez con Dosan Cargo?\n        <\/div>\n    <\/div>\n\n\n<div class=\"col-12  p-3\">\n    <div>\n        <p><strong>INFORMACI\u00d3N DE CONTACTO<\/strong><\/p>\n    <\/div>\n<\/div>\n\n<div class=\"col-12  p-3\">\n    <label for=\"wsf-1-field-7\" class=\"form-label\">Nombre de su empresa\n        <span class=\"text-danger\">*<\/span>\n    <\/label>\n    <span class=\"wpcf7-form-control-wrap\" data-name=\"field_7\"><input size=\"40\" maxlength=\"400\" class=\"wpcf7-form-control wpcf7-text wpcf7-validates-as-required\" aria-required=\"true\" aria-invalid=\"false\" placeholder=\"Nombre de su empresa\" value=\"\" type=\"text\" name=\"field_7\" \/><\/span>\n    <div class=\"invalid-feedback\">Por favor, proporcione un nombre de empresa v\u00e1lido.<\/div>\n<\/div>\n<div class=\"row p-3\">\n<div class=\"col-6  p-3\">\n    <label for=\"wsf-1-field-8\" class=\"form-label\">Nombre\n        <span class=\"text-danger\">*<\/span>\n    <\/label>\n    <span class=\"wpcf7-form-control-wrap\" data-name=\"field_8\"><input size=\"40\" maxlength=\"400\" class=\"wpcf7-form-control wpcf7-text wpcf7-validates-as-required\" aria-required=\"true\" aria-invalid=\"false\" placeholder=\"Nombre\" value=\"\" type=\"text\" name=\"field_8\" \/><\/span>\n    <div class=\"invalid-feedback\">Por favor, proporcione un nombre v\u00e1lido.<\/div>\n<\/div>\n\n<div class=\"col-6  p-3\">\n    <label for=\"wsf-1-field-9\" class=\"form-label\">Apellido\n        <span class=\"text-danger\">*<\/span>\n    <\/label>\n    <span class=\"wpcf7-form-control-wrap\" data-name=\"field_9\"><input size=\"40\" maxlength=\"400\" class=\"wpcf7-form-control wpcf7-text wpcf7-validates-as-required\" aria-required=\"true\" aria-invalid=\"false\" placeholder=\"Apellido\" value=\"\" type=\"text\" name=\"field_9\" \/><\/span>\n    <div class=\"invalid-feedback\">Por favor, proporcione un apellido v\u00e1lido.<\/div>\n<\/div>\n<\/div>\n<div class=\"col-12  p-3\">\n    <label for=\"wsf-1-field-10\" class=\"form-label\">Email\n        <span class=\"text-danger\">*<\/span>\n    <\/label>\n    <span class=\"wpcf7-form-control-wrap\" data-name=\"field_10\"><input size=\"40\" maxlength=\"400\" class=\"wpcf7-form-control wpcf7-email wpcf7-validates-as-required wpcf7-text wpcf7-validates-as-email\" aria-required=\"true\" aria-invalid=\"false\" placeholder=\"Email\" value=\"\" type=\"email\" name=\"field_10\" \/><\/span>\n    <div class=\"invalid-feedback\">Por favor, proporcione un email v\u00e1lido.<\/div>\n<\/div>\n<div class=\"row p-3\">\n<div class=\"col-6  p-3\">\n    <label for=\"wsf-1-field-11\" class=\"form-label\">Tel\u00e9fono\n        <span class=\"text-danger\">*<\/span>\n    <\/label>\n    <span class=\"wpcf7-form-control-wrap\" data-name=\"field_11\"><input size=\"40\" maxlength=\"400\" class=\"wpcf7-form-control wpcf7-tel wpcf7-validates-as-required wpcf7-text wpcf7-validates-as-tel\" aria-required=\"true\" aria-invalid=\"false\" placeholder=\"Tel\u00e9fono\" value=\"\" type=\"tel\" name=\"field_11\" \/><\/span>\n    <div class=\"invalid-feedback\">Por favor, proporcione un tel\u00e9fono v\u00e1lido.<\/div>\n<\/div>\n\n<div class=\"col-6  p-3\">\n    <label for=\"wsf-1-field-12\" class=\"form-label\">Pa\u00eds\n        <span class=\"text-danger\">*<\/span>\n    <\/label>\n    <span class=\"wpcf7-form-control-wrap\" data-name=\"field_12\"><input size=\"40\" maxlength=\"400\" class=\"wpcf7-form-control wpcf7-text wpcf7-validates-as-required\" aria-required=\"true\" aria-invalid=\"false\" placeholder=\"Pa\u00eds\" value=\"\" type=\"text\" name=\"field_12\" \/><\/span>\n    <div class=\"invalid-feedback\">Por favor, proporcione un pa\u00eds v\u00e1lido.<\/div>\n<\/div>\n<\/div>\n\n\n\n<div class=\"wsf-extra-small-12 wsf-tile wsf-field-wrapper\">\n    <div data-text-editor=\"\" data-static=\"\" data-name=\"field_16\">\n        <p><strong>ORIGEN<\/strong><\/p>\n    <\/div>\n<\/div>\n<div class=\"row p-3\">\n<div class=\"col-6  p-3\">\n    <label for=\"wsf-1-field-18\" class=\"form-label\">Pa\u00eds\n        <span class=\"text-danger\">*<\/span>\n    <\/label>\n    <span class=\"wpcf7-form-control-wrap\" data-name=\"field_18\"><input size=\"40\" maxlength=\"400\" class=\"wpcf7-form-control wpcf7-text wpcf7-validates-as-required\" aria-required=\"true\" aria-invalid=\"false\" placeholder=\"Pa\u00eds\" value=\"\" type=\"text\" name=\"field_18\" \/><\/span>\n    <div class=\"invalid-feedback\">Por favor, proporcione un pa\u00eds v\u00e1lido.<\/div>\n<\/div>\n\n<div class=\"col-6  p-3\">\n    <label for=\"wsf-1-field-19\" class=\"form-label\">Ciudad\n        <span class=\"text-danger\">*<\/span>\n    <\/label>\n    <span class=\"wpcf7-form-control-wrap\" data-name=\"field_19\"><input size=\"40\" maxlength=\"400\" class=\"wpcf7-form-control wpcf7-text wpcf7-validates-as-required\" aria-required=\"true\" aria-invalid=\"false\" placeholder=\"Ciudad\" value=\"\" type=\"text\" name=\"field_19\" \/><\/span>\n    <div class=\"invalid-feedback\">Por favor, proporcione una ciudad v\u00e1lida.<\/div>\n<\/div>\n<\/div>\n\n\n\n<div class=\"wsf-extra-small-12 wsf-tile wsf-field-wrapper\">\n    <div data-text-editor=\"\" data-static=\"\" data-name=\"field_23\">\n        <p><strong>DESTINO<\/strong><\/p>\n    <\/div>\n<\/div>\n<div class=\"row p-3\">\n<div class=\"col-6  p-3\">\n    <label for=\"wsf-1-field-25\" class=\"form-label\">Pa\u00eds\n        <span class=\"text-danger\">*<\/span>\n    <\/label>\n    <span class=\"wpcf7-form-control-wrap\" data-name=\"field_25\"><input size=\"40\" maxlength=\"400\" class=\"wpcf7-form-control wpcf7-text wpcf7-validates-as-required\" aria-required=\"true\" aria-invalid=\"false\" placeholder=\"Pa\u00eds\" value=\"\" type=\"text\" name=\"field_25\" \/><\/span>\n    <div class=\"invalid-feedback\">Por favor, seleccione un pa\u00eds v\u00e1lido.<\/div>\n<\/div>\n\n<div class=\"col-6  p-3\">\n    <label for=\"wsf-1-field-26\" class=\"form-label\">Ciudad\n        <span class=\"text-danger\">*<\/span>\n    <\/label>\n    <span class=\"wpcf7-form-control-wrap\" data-name=\"field_26\"><input size=\"40\" maxlength=\"400\" class=\"wpcf7-form-control wpcf7-text wpcf7-validates-as-required\" aria-required=\"true\" aria-invalid=\"false\" placeholder=\"Ciudad\" value=\"\" type=\"text\" name=\"field_26\" \/><\/span>\n    <div class=\"invalid-feedback\">Por favor, proporcione una ciudad v\u00e1lida.<\/div>\n<\/div>\n<\/div>\n\n\n<div class=\"col-12  p-3\">\n    <label for=\"wsf-1-field-31\" class=\"form-label\">Tipo de servicio\n        <span class=\"text-danger\">*<\/span>\n    <\/label>\n    <span class=\"wpcf7-form-control-wrap\" data-name=\"field_31\"><select class=\"wpcf7-form-control wpcf7-select wpcf7-validates-as-required\" aria-required=\"true\" aria-invalid=\"false\" name=\"field_31\"><option value=\"\">&#8212;Please choose an option&#8212;<\/option><option value=\"A\u00e9reo\">A\u00e9reo<\/option><option value=\"Mar\u00edtimo (LCL)\">Mar\u00edtimo (LCL)<\/option><option value=\"Mar\u00edtimo (FCL)\">Mar\u00edtimo (FCL)<\/option><option value=\"Terrestre (FTL)\">Terrestre (FTL)<\/option><option value=\"Terrestre (LTL)\">Terrestre (LTL)<\/option><\/select><\/span>\n    <div class=\"invalid-feedback\">Por favor, elija un tipo de servicio v\u00e1lido.<\/div>\n<\/div>\n\n<div class=\"col-12  p-3\">\n    <label for=\"wsf-1-field-32\" class=\"form-label\">Tipo de contenedor\n        <span class=\"text-danger\">*<\/span>\n    <\/label>\n    <span class=\"wpcf7-form-control-wrap\" data-name=\"field_32\"><input size=\"40\" maxlength=\"400\" class=\"wpcf7-form-control wpcf7-text wpcf7-validates-as-required\" aria-required=\"true\" aria-invalid=\"false\" placeholder=\"Tipo de contenedor\" value=\"\" type=\"text\" name=\"field_32\" \/><\/span>\n    <div class=\"invalid-feedback\">Por favor, proporciona un tipo de contenedor v\u00e1lido.<\/div>\n<\/div>\n\n<div class=\"col-12  p-3\">\n    <label for=\"wsf-1-field-33\" class=\"form-label\">Incoterm<\/label>\n    <span class=\"wpcf7-form-control-wrap\" data-name=\"field_33\"><select class=\"wpcf7-form-control wpcf7-select wpcf7-validates-as-required\" aria-required=\"true\" aria-invalid=\"false\" name=\"field_33\"><option value=\"\">&#8212;Please choose an option&#8212;<\/option><option value=\"EXW - Ex Works\">EXW - Ex Works<\/option><option value=\"FCA - Free Carrier\">FCA - Free Carrier<\/option><option value=\"FAS - Free Alongside Ship\">FAS - Free Alongside Ship<\/option><option value=\"FOB - Free on\n    Board\">FOB - Free on\n    Board<\/option><option value=\"CPT - Carriage Paid To\">CPT - Carriage Paid To<\/option><option value=\"CFR - Cost and Freight\">CFR - Cost and Freight<\/option><option value=\"CIF - Cost, Insurance &amp; Freight\">CIF - Cost, Insurance &amp; Freight<\/option><option value=\"CIP - Carriage and\n    Insurance Paid to\">CIP - Carriage and\n    Insurance Paid to<\/option><option value=\"DAT - Delivered At Terminal\">DAT - Delivered At Terminal<\/option><option value=\"DAP - Delivered At Place\">DAP - Delivered At Place<\/option><option value=\"DDP - Delivered Cuty Paid\">DDP - Delivered Cuty Paid<\/option><\/select><\/span>\n    <div class=\"invalid-feedback\">Por favor, selecciona un incoterm v\u00e1lido.<\/div>\n<\/div>\n\n<div class=\"col-12  p-3\">\n    <label for=\"wsf-1-field-34\" class=\"form-label\">Cantidad<\/label>\n    <span class=\"wpcf7-form-control-wrap\" data-name=\"field_34\"><input size=\"40\" maxlength=\"400\" class=\"wpcf7-form-control wpcf7-text wpcf7-validates-as-required\" aria-required=\"true\" aria-invalid=\"false\" placeholder=\"Cantidad\" value=\"\" type=\"text\" name=\"field_34\" \/><\/span>\n    <div class=\"invalid-feedback\">Por favor, proporciona una cantidad v\u00e1lida.<\/div>\n<\/div>\n<div class=\"row p-3\">\n    <div class=\"col-6  p-3\">\n    <label for=\"wsf-1-field-39\" class=\"form-label\">Peso\n        <span class=\"text-danger\">*<\/span>\n    <\/label>\n    <span class=\"wpcf7-form-control-wrap\" data-name=\"field_39\"><input class=\"wpcf7-form-control wpcf7-number wpcf7-validates-as-required wpcf7-validates-as-number\" aria-required=\"true\" aria-invalid=\"false\" placeholder=\"Peso\" value=\"\" type=\"number\" name=\"field_39\" \/><\/span>\n    <div class=\"invalid-feedback\">Por favor, proporciona un peso v\u00e1lido.<\/div>\n<\/div>\n\n<div class=\"col-6  p-3\">\n    <label for=\"wsf-1-field-40\" class=\"form-label\">Unidad\n        <span class=\"text-danger\">*<\/span>\n    <\/label>\n    <span class=\"wpcf7-form-control-wrap\" data-name=\"field_40\"><select class=\"wpcf7-form-control wpcf7-select wpcf7-validates-as-required\" aria-required=\"true\" aria-invalid=\"false\" name=\"field_40\"><option value=\"\">&#8212;Please choose an option&#8212;<\/option><option value=\"Kilogramo\">Kilogramo<\/option><option value=\"Libra\">Libra<\/option><option value=\"Onza\">Onza<\/option><\/select><\/span>\n    <div class=\"invalid-feedback\">Por favor, selecciona una unidad v\u00e1lida.<\/div>\n<\/div>\n<\/div>\n\n<div class=\"row p-3\">\n\n    <div class=\"col-6  p-3\">\n        <label for=\"wsf-1-field-41\" class=\"form-label\">Medidas\n            <span class=\"text-danger\">*<\/span>\n        <\/label>\n        <span class=\"wpcf7-form-control-wrap\" data-name=\"field_41\"><input size=\"40\" maxlength=\"400\" class=\"wpcf7-form-control wpcf7-text wpcf7-validates-as-required\" aria-required=\"true\" aria-invalid=\"false\" placeholder=\"Medidas\" value=\"\" type=\"text\" name=\"field_41\" \/><\/span>\n        <div class=\"invalid-feedback\">Por favor, proporciona unas medidas v\u00e1lidas.<\/div>\n    <\/div>\n    \n    <div class=\"col-6  p-3\">\n        <label for=\"wsf-1-field-42\" class=\"form-label\">Unidad\n            <span class=\"text-danger\">*<\/span>\n        <\/label>\n        <span class=\"wpcf7-form-control-wrap\" data-name=\"field_42\"><select class=\"wpcf7-form-control wpcf7-select wpcf7-validates-as-required\" aria-required=\"true\" aria-invalid=\"false\" name=\"field_42\"><option value=\"\">&#8212;Please choose an option&#8212;<\/option><option value=\"Cent\u00edmetro\">Cent\u00edmetro<\/option><option value=\"Metro\">Metro<\/option><option value=\"Pulgada\">Pulgada<\/option><option value=\"Pies\">Pies<\/option><\/select><\/span>\n        <div class=\"invalid-feedback\">Por favor, selecciona una unidad v\u00e1lida.<\/div>\n    <\/div>\n<\/div>\n\n<div class=\"row p-3\">\n    <div class=\"col-6  p-3\">\n        <label for=\"wsf-1-field-43\" class=\"form-label\">Volumen\n            <span class=\"text-danger\">*<\/span>\n        <\/label>\n        <span class=\"wpcf7-form-control-wrap\" data-name=\"field_43\"><input size=\"40\" maxlength=\"400\" class=\"wpcf7-form-control wpcf7-text wpcf7-validates-as-required\" aria-required=\"true\" aria-invalid=\"false\" placeholder=\"Volumen\" value=\"\" type=\"text\" name=\"field_43\" \/><\/span>\n        <div class=\"invalid-feedback\">Por favor, proporciona un volumen v\u00e1lido.<\/div>\n    <\/div>\n    \n    <div class=\"col-6  p-3\">\n        <label for=\"wsf-1-field-44\" class=\"form-label\">Unidad\n            <span class=\"text-danger\">*<\/span>\n        <\/label>\n        <span class=\"wpcf7-form-control-wrap\" data-name=\"field_44\"><select class=\"wpcf7-form-control wpcf7-select wpcf7-validates-as-required\" aria-required=\"true\" aria-invalid=\"false\" name=\"field_44\"><option value=\"\">&#8212;Please choose an option&#8212;<\/option><option value=\"Metro c\u00fabico\">Metro c\u00fabico<\/option><option value=\"Pie c\u00fabico\">Pie c\u00fabico<\/option><\/select><\/span>\n        <div class=\"invalid-feedback\">Por favor, selecciona una unidad v\u00e1lida.<\/div>\n    <\/div>\n<\/div>\n\n\n\n\n<div class=\"col-12 p-3\">\n    <label class=\"form-label\">Seguro\n        <span class=\"text-danger\">*<\/span>\n    <\/label>\n    <span class=\"wpcf7-form-control-wrap\" data-name=\"field_45\"><select class=\"wpcf7-form-control wpcf7-select wpcf7-validates-as-required\" aria-required=\"true\" aria-invalid=\"false\" name=\"field_45\"><option value=\"\">&#8212;Please choose an option&#8212;<\/option><option value=\"S\u00ed\">S\u00ed<\/option><option value=\"No\">No<\/option><\/select><\/span>\n    <div class=\"invalid-feedback\">Por favor, elige una opci\u00f3n v\u00e1lida para seguro.<\/div>\n<\/div>\n\n<div class=\"col-12  p-3\">\n    <label for=\"wsf-1-field-46\" class=\"form-label\">Comentario adicional<\/label>\n    <span class=\"wpcf7-form-control-wrap\" data-name=\"field_46\"><input size=\"40\" maxlength=\"400\" class=\"wpcf7-form-control wpcf7-text\" aria-invalid=\"false\" placeholder=\"Comentario adicional\" value=\"\" type=\"text\" name=\"field_46\" \/><\/span>\n    <div class=\"invalid-feedback\">Por favor, proporciona un comentario adicional v\u00e1lido.\n    <\/div>\n<\/div>\n\n\n   <div class=\"col-12 p-3\">\n    <input class=\"wpcf7-form-control wpcf7-submit has-spinner btn-primary btn\" type=\"submit\" value=\"Enviar\" \/>\n<\/div><p style=\"display: none !important;\" class=\"akismet-fields-container\" data-prefix=\"_wpcf7_ak_\"><label>&#916;<textarea name=\"_wpcf7_ak_hp_textarea\" cols=\"45\" rows=\"8\" maxlength=\"100\"><\/textarea><\/label><input type=\"hidden\" id=\"ak_js_1\" name=\"_wpcf7_ak_js\" value=\"4\"\/><script>\ndocument.getElementById( \"ak_js_1\" ).setAttribute( \"value\", ( new Date() ).getTime() );\n<\/script>\n<\/p><div class=\"wpcf7-response-output\" aria-hidden=\"true\"><\/div>\n<\/form>\n<\/div>\n\t\t\t\t<\/div>\r\n\t\t\t<\/div>\r\n\t    \t \r\n\t    \t\t\t\t<\/div>\n\t\t\t\t<\/div>\n\t\t\t\t\t<\/div>\n\t\t<\/div>\n\t\t\t\t\t<\/div>\n\t\t<\/section>\n\t\t\t\t<section class=\"elementor-section elementor-top-section elementor-element elementor-element-28510b5 elementor-section-full_width elementor-section-height-default elementor-section-height-default\" data-id=\"28510b5\" data-element_type=\"section\" data-e-type=\"section\">\n\t\t\t\t\t\t<div class=\"elementor-container elementor-column-gap-no\">\n\t\t\t\t\t<div class=\"elementor-column elementor-col-100 elementor-top-column elementor-element elementor-element-532295b\" data-id=\"532295b\" data-element_type=\"column\" data-e-type=\"column\">\n\t\t\t<div class=\"elementor-widget-wrap elementor-element-populated\">\n\t\t\t\t\t\t<div class=\"elementor-element elementor-element-2bc2636 elementor-widget elementor-widget-google_maps\" data-id=\"2bc2636\" data-element_type=\"widget\" data-e-type=\"widget\" data-widget_type=\"google_maps.default\">\n\t\t\t\t<div class=\"elementor-widget-container\">\n\t\t\t\t\t\t\t<div class=\"elementor-custom-embed\">\n\t\t\t<iframe loading=\"lazy\"\n\t\t\t\t\tsrc=\"https:\/\/maps.google.com\/maps?q=Panama%20City%2C%20Ave.%2012%20Oct.%20Ph%20Athas&#038;t=m&#038;z=15&#038;output=embed&#038;iwloc=near\"\n\t\t\t\t\ttitle=\"Panama City, Ave. 12 Oct. Ph Athas\"\n\t\t\t\t\taria-label=\"Panama City, Ave. 12 Oct. Ph Athas\"\n\t\t\t><\/iframe>\n\t\t<\/div>\n\t\t\t\t\t\t<\/div>\n\t\t\t\t<\/div>\n\t\t\t\t\t<\/div>\n\t\t<\/div>\n\t\t\t\t\t<\/div>\n\t\t<\/section>\n\t\t\t\t<\/div>\n\t\t","protected":false},"excerpt":{"rendered":"<p>Cont\u00e1ctanos Direcci\u00f3n Panama City, Ave. 12 Oct. Ph Athas. Rep. Of Panama. Tel\u00e9fono +(507) 277-6595 Email ops@transitcargopty.com Si desea recibir un presupuesto para su env\u00edo internacional de mercanc\u00edas, rellene y env\u00ede el siguiente formulario: \u00bfHa trabajado alguna vez con Transit Cargo PTY? * &#8212;Please choose an option&#8212;S\u00edNo Por favor, elija una opci\u00f3n v\u00e1lida para \u00bfha&#8230;<\/p>\n","protected":false},"author":1,"featured_media":0,"parent":0,"menu_order":0,"comment_status":"closed","ping_status":"closed","template":"template-builder.php","meta":{"footnotes":""},"class_list":["post-2261","page","type-page","status-publish","hentry"],"_links":{"self":[{"href":"https:\/\/transitcargopty.com\/index.php\/wp-json\/wp\/v2\/pages\/2261","targetHints":{"allow":["GET"]}}],"collection":[{"href":"https:\/\/transitcargopty.com\/index.php\/wp-json\/wp\/v2\/pages"}],"about":[{"href":"https:\/\/transitcargopty.com\/index.php\/wp-json\/wp\/v2\/types\/page"}],"author":[{"embeddable":true,"href":"https:\/\/transitcargopty.com\/index.php\/wp-json\/wp\/v2\/users\/1"}],"replies":[{"embeddable":true,"href":"https:\/\/transitcargopty.com\/index.php\/wp-json\/wp\/v2\/comments?post=2261"}],"version-history":[{"count":37,"href":"https:\/\/transitcargopty.com\/index.php\/wp-json\/wp\/v2\/pages\/2261\/revisions"}],"predecessor-version":[{"id":2567,"href":"https:\/\/transitcargopty.com\/index.php\/wp-json\/wp\/v2\/pages\/2261\/revisions\/2567"}],"wp:attachment":[{"href":"https:\/\/transitcargopty.com\/index.php\/wp-json\/wp\/v2\/media?parent=2261"}],"curies":[{"name":"wp","href":"https:\/\/api.w.org\/{rel}","templated":true}]}}