{"id":2488,"date":"2023-11-02T14:11:20","date_gmt":"2023-11-02T14:11:20","guid":{"rendered":"https:\/\/transitcargopty.com\/?page_id=2488"},"modified":"2023-11-23T23:05:39","modified_gmt":"2023-11-23T23:05:39","slug":"solicitar-po-box","status":"publish","type":"page","link":"https:\/\/transitcargopty.com\/index.php\/solicitar-po-box\/","title":{"rendered":"Solicitar PoBox"},"content":{"rendered":"\t\t<div data-elementor-type=\"wp-page\" data-elementor-id=\"2488\" class=\"elementor elementor-2488\">\n\t\t\t\t\t\t<section class=\"elementor-section elementor-top-section elementor-element elementor-element-f0a5434 elementor-reverse-tablet elementor-reverse-mobile elementor-section-boxed elementor-section-height-default elementor-section-height-default\" data-id=\"f0a5434\" data-element_type=\"section\" data-e-type=\"section\" data-settings=\"{&quot;background_background&quot;:&quot;classic&quot;}\">\n\t\t\t\t\t\t<div class=\"elementor-container elementor-column-gap-no\">\n\t\t\t\t\t<div class=\"elementor-column elementor-col-50 elementor-top-column elementor-element elementor-element-1061573\" data-id=\"1061573\" data-element_type=\"column\" data-e-type=\"column\">\n\t\t\t<div class=\"elementor-widget-wrap elementor-element-populated\">\n\t\t\t\t\r\n\t\t<div class=\"elementor-element elementor-element-e1dee54 elementor-widget elementor-widget-logistikcontactinfo\" data-id=\"e1dee54\" data-element_type=\"widget\" data-e-type=\"widget\" data-widget_type=\"logistikcontactinfo.default\">\n\t\t\t\t<div class=\"elementor-widget-container\">\n\t\t\t\t\t        \t\t\t<div class=\"contact-info-wrap\">\r\n\t\t\t\t<div class=\"title-area\">\r\n\t\t\t\t\t<span class=\"sub-title th-sub\">\r\n\t\t\t\t\t\t\t\t\t\t<\/span>\r\n\t\t\t\t\t<h2 class=\"sec-title mb-0 th-title\">Cont\u00e1ctanos<\/h2>\r\n\t\t\t\t<\/div>\r\n\t\t\t\t<div class=\"contact-info\">\r\n\t\t\t\t\t<div class=\"contact-info_icon\">\r\n\t\t\t\t\t\t<i class=\"\">\r\n\t\t\t\t\t\t\t<img decoding=\"async\" src=\"https:\/\/themeholy.com\/wordpress\/logistik\/wp-content\/uploads\/2023\/04\/location_5.svg\" alt=\"location_5\"  \/>\t\t\t\t\t\t<\/i>\r\n\t\t\t\t\t<\/div>\r\n\t\t\t\t\t<div class=\"media-body\">\r\n\t\t\t\t\t\t<h4 class=\"contact-info_title\">Direcci\u00f3n<\/h4>\r\n\t\t\t\t\t\t<span class=\"contact-info_text\">Panama City, Ave. 12 Oct. Ph Athas. Rep. Of Panama.<\/span>\r\n\t\t\t\t\t<\/div>\r\n\t\t\t\t<\/div>\r\n\t\t\t\t<div class=\"contact-info\">\r\n\t\t\t\t\t<div class=\"contact-info_icon\">\r\n\t\t\t\t\t\t<i class=\"\">\r\n\t\t\t\t\t\t\t<img decoding=\"async\" src=\"https:\/\/themeholy.com\/wordpress\/logistik\/wp-content\/uploads\/2023\/04\/phone.svg\" alt=\"phone\"  \/>\t\t\t\t\t\t<\/i>\r\n\t\t\t\t\t<\/div>\r\n\t\t\t\t\t<div class=\"media-body\">\r\n\t\t\t\t\t\t<h4 class=\"contact-info_title\">Tel\u00e9fono<\/h4>\r\n\t\t\t\t\t\t<span class=\"contact-info_text\">\r\n\t\t\t\t\t\t\t<a href=\"tel:+5072776595\">+(507) 277-6595<\/a>\r\n\t\t\t\t\t\t<\/span>\r\n\t\t\t\t\t<\/div>\r\n\t\t\t\t<\/div>\r\n\t\t\t\t<div class=\"contact-info\">\r\n\t\t\t\t\t<div class=\"contact-info_icon\">\r\n\t\t\t\t\t\t<i class=\"\">\r\n\t\t\t\t\t\t\t<img decoding=\"async\" src=\"https:\/\/themeholy.com\/wordpress\/logistik\/wp-content\/uploads\/2023\/04\/email.svg\" alt=\"email\"  \/>\t\t\t\t\t\t<\/i>\r\n\t\t\t\t\t<\/div>\r\n\t\t\t\t\t<div class=\"media-body\">\r\n\t\t\t\t\t\t<h4 class=\"contact-info_title\">Email <\/h4>\r\n\t\t\t\t\t\t<span class=\"contact-info_text\">\r\n\t\t\t\t\t\t\t<a href=\"mailto:pobox@transitcargopty.com\">pobox@transitcargopty.com<\/a>\r\n\t\t\t\t\t\t<\/span>\r\n\t\t\t\t\t<\/div>\r\n\t\t\t\t<\/div>\r\n\t\t\t\t<div class=\"themeholy-social author-social\">\r\n\t\t\t\t\t<h4 class=\"info-title\"><\/h4>\r\n\t\t\t\t\t\r\n\t\t\t\t\t\r\n\t\t\t\t\t\r\n\t\t\t\t\t\t\t\t\t<\/div>\r\n\t\t\t<\/div>\r\n\r\n\t\t\t\t\t\t<\/div>\n\t\t\t\t<\/div>\n\t\t\t\t\t<\/div>\n\t\t<\/div>\n\t\t\t\t<div class=\"elementor-column elementor-col-50 elementor-top-column elementor-element elementor-element-24b49cf\" data-id=\"24b49cf\" data-element_type=\"column\" data-e-type=\"column\">\n\t\t\t<div class=\"elementor-widget-wrap elementor-element-populated\">\n\t\t\t\t\t\t<div class=\"elementor-element elementor-element-e3bf35d elementor-widget elementor-widget-logistikcontactform\" data-id=\"e3bf35d\" data-element_type=\"widget\" data-e-type=\"widget\" data-widget_type=\"logistikcontactform.default\">\n\t\t\t\t<div class=\"elementor-widget-container\">\n\t\t\t\t\t\t\t\t\t\t<div class=\"service-form-wrap\">\r\n\t\t\t\t<div class=\"service-form  th-bg ajax-contact\">\r\n\t\t\t\t\t<h3 class=\"fs-24 mb-30 mt-n1 text-white th-title\">Si deseas solicitar un PoBox en Miami, llena el siguiente formulario y recibir\u00e1s en tu correo las indicaciones.<\/h3>\r\n\t\t\t\t\t\n<div class=\"wpcf7 no-js\" id=\"wpcf7-f2361-o1\" lang=\"en-US\" dir=\"ltr\" data-wpcf7-id=\"2361\">\n<div class=\"screen-reader-response\"><p role=\"status\" aria-live=\"polite\" aria-atomic=\"true\"><\/p> <ul><\/ul><\/div>\n<form action=\"\/index.php\/wp-json\/wp\/v2\/pages\/2488#wpcf7-f2361-o1\" method=\"post\" class=\"wpcf7-form init\" aria-label=\"Contact form\" novalidate=\"novalidate\" data-status=\"init\">\n<fieldset class=\"hidden-fields-container\"><input type=\"hidden\" name=\"_wpcf7\" value=\"2361\" \/><input type=\"hidden\" name=\"_wpcf7_version\" value=\"6.1.5\" \/><input type=\"hidden\" name=\"_wpcf7_locale\" value=\"en_US\" \/><input type=\"hidden\" name=\"_wpcf7_unit_tag\" value=\"wpcf7-f2361-o1\" \/><input type=\"hidden\" name=\"_wpcf7_container_post\" value=\"0\" \/><input type=\"hidden\" name=\"_wpcf7_posted_data_hash\" value=\"\" \/>\n<\/fieldset>\n<div class=\"row\">\n    <div class=\"col-6\">\n        <label style=\"padding: 10px 0;\">Nombre Completo<\/label>\n        <span class=\"wpcf7-form-control-wrap\" data-name=\"your-name\"><input size=\"40\" maxlength=\"400\" class=\"wpcf7-form-control wpcf7-text wpcf7-validates-as-required form-control-lg\" autocomplete=\"name\" aria-required=\"true\" aria-invalid=\"false\" value=\"\" type=\"text\" name=\"your-name\" \/><\/span>\n    <\/div>\n    <div class=\"col-6\">\n        <label style=\"padding: 10px 0;\">Tel\u00e9fono o Celular<\/label>\n        \n        <span class=\"wpcf7-form-control-wrap\" data-name=\"tel-343\"><input size=\"40\" maxlength=\"400\" class=\"wpcf7-form-control wpcf7-tel wpcf7-validates-as-required wpcf7-text wpcf7-validates-as-tel form-control\" aria-required=\"true\" aria-invalid=\"false\" value=\"\" type=\"tel\" name=\"tel-343\" \/><\/span>\n    <\/div>\n<\/div>\n<div class=\"col-12\">\n    <label style=\"padding: 10px 0;\">Email<\/label>\n    <span class=\"wpcf7-form-control-wrap\" data-name=\"your-email\"><input size=\"40\" maxlength=\"400\" class=\"wpcf7-form-control wpcf7-email wpcf7-validates-as-required wpcf7-text wpcf7-validates-as-email form-control-lg\" autocomplete=\"email\" aria-required=\"true\" aria-invalid=\"false\" value=\"\" type=\"email\" name=\"your-email\" \/><\/span>\n<\/div>\n<div class=\"col-12\">\n    <label style=\"padding: 10px 0;\">Direcci\u00f3n<\/label>\n   <span class=\"wpcf7-form-control-wrap\" data-name=\"textarea-323\"><textarea cols=\"40\" rows=\"10\" maxlength=\"2000\" class=\"wpcf7-form-control wpcf7-textarea\" aria-invalid=\"false\" name=\"textarea-323\"><\/textarea><\/span>\n<\/div>\n<div class=\"col-12\">\n    <label>&nbsp;<\/label> \n<input class=\"wpcf7-form-control wpcf7-submit has-spinner btn-primary btn\" type=\"submit\" value=\"Enviar Solicitud\" \/>\n<\/div><p style=\"display: none !important;\" class=\"akismet-fields-container\" data-prefix=\"_wpcf7_ak_\"><label>&#916;<textarea name=\"_wpcf7_ak_hp_textarea\" cols=\"45\" rows=\"8\" maxlength=\"100\"><\/textarea><\/label><input type=\"hidden\" id=\"ak_js_1\" name=\"_wpcf7_ak_js\" value=\"14\"\/><script>\ndocument.getElementById( \"ak_js_1\" ).setAttribute( \"value\", ( new Date() ).getTime() );\n<\/script>\n<\/p><div class=\"wpcf7-response-output\" aria-hidden=\"true\"><\/div>\n<\/form>\n<\/div>\n\t\t\t\t<\/div>\r\n\t\t\t<\/div>\r\n\t    \t \r\n\t    \t\t\t\t<\/div>\n\t\t\t\t<\/div>\n\t\t\t\t\t<\/div>\n\t\t<\/div>\n\t\t\t\t\t<\/div>\n\t\t<\/section>\n\t\t\t\t<section class=\"elementor-section elementor-top-section elementor-element elementor-element-28510b5 elementor-section-full_width elementor-section-height-default elementor-section-height-default\" data-id=\"28510b5\" data-element_type=\"section\" data-e-type=\"section\">\n\t\t\t\t\t\t<div class=\"elementor-container elementor-column-gap-no\">\n\t\t\t\t\t<div class=\"elementor-column elementor-col-100 elementor-top-column elementor-element elementor-element-532295b\" data-id=\"532295b\" data-element_type=\"column\" data-e-type=\"column\">\n\t\t\t<div class=\"elementor-widget-wrap elementor-element-populated\">\n\t\t\t\t\t\t<div class=\"elementor-element elementor-element-2bc2636 elementor-widget elementor-widget-google_maps\" data-id=\"2bc2636\" data-element_type=\"widget\" data-e-type=\"widget\" data-widget_type=\"google_maps.default\">\n\t\t\t\t<div class=\"elementor-widget-container\">\n\t\t\t\t\t\t\t<div class=\"elementor-custom-embed\">\n\t\t\t<iframe loading=\"lazy\"\n\t\t\t\t\tsrc=\"https:\/\/maps.google.com\/maps?q=Panama%20City%2C%20Ave.%2012%20Oct.%20Ph%20Athas&#038;t=m&#038;z=15&#038;output=embed&#038;iwloc=near\"\n\t\t\t\t\ttitle=\"Panama City, Ave. 12 Oct. Ph Athas\"\n\t\t\t\t\taria-label=\"Panama City, Ave. 12 Oct. Ph Athas\"\n\t\t\t><\/iframe>\n\t\t<\/div>\n\t\t\t\t\t\t<\/div>\n\t\t\t\t<\/div>\n\t\t\t\t\t<\/div>\n\t\t<\/div>\n\t\t\t\t\t<\/div>\n\t\t<\/section>\n\t\t\t\t<\/div>\n\t\t","protected":false},"excerpt":{"rendered":"<p>Cont\u00e1ctanos Direcci\u00f3n Panama City, Ave. 12 Oct. Ph Athas. Rep. Of Panama. Tel\u00e9fono +(507) 277-6595 Email pobox@transitcargopty.com Si deseas solicitar un PoBox en Miami, llena el siguiente formulario y recibir\u00e1s en tu correo las indicaciones. Nombre Completo Tel\u00e9fono o Celular Email Direcci\u00f3n &nbsp; &#916;<\/p>\n","protected":false},"author":1,"featured_media":0,"parent":0,"menu_order":0,"comment_status":"closed","ping_status":"closed","template":"template-builder.php","meta":{"footnotes":""},"class_list":["post-2488","page","type-page","status-publish","hentry"],"_links":{"self":[{"href":"https:\/\/transitcargopty.com\/index.php\/wp-json\/wp\/v2\/pages\/2488","targetHints":{"allow":["GET"]}}],"collection":[{"href":"https:\/\/transitcargopty.com\/index.php\/wp-json\/wp\/v2\/pages"}],"about":[{"href":"https:\/\/transitcargopty.com\/index.php\/wp-json\/wp\/v2\/types\/page"}],"author":[{"embeddable":true,"href":"https:\/\/transitcargopty.com\/index.php\/wp-json\/wp\/v2\/users\/1"}],"replies":[{"embeddable":true,"href":"https:\/\/transitcargopty.com\/index.php\/wp-json\/wp\/v2\/comments?post=2488"}],"version-history":[{"count":19,"href":"https:\/\/transitcargopty.com\/index.php\/wp-json\/wp\/v2\/pages\/2488\/revisions"}],"predecessor-version":[{"id":2564,"href":"https:\/\/transitcargopty.com\/index.php\/wp-json\/wp\/v2\/pages\/2488\/revisions\/2564"}],"wp:attachment":[{"href":"https:\/\/transitcargopty.com\/index.php\/wp-json\/wp\/v2\/media?parent=2488"}],"curies":[{"name":"wp","href":"https:\/\/api.w.org\/{rel}","templated":true}]}}